{"id":5161,"date":"2023-09-28T13:53:12","date_gmt":"2023-09-28T11:53:12","guid":{"rendered":"https:\/\/2024.electionseuropeennes.eu\/4329-2\/"},"modified":"2024-06-25T12:34:49","modified_gmt":"2024-06-25T10:34:49","slug":"hungary","status":"publish","type":"page","link":"https:\/\/www.electionseuropeennes.eu\/en\/hungary\/","title":{"rendered":"Hungary"},"content":{"rendered":"<section class=\"wpb-content-wrapper\"><p>[vc_row css=&#8221;.vc_custom_1696102623875{margin-top: 20px !important;margin-bottom: 50px !important;}&#8221;][vc_column][vc_column_text]<\/p>\n<h1 style=\"text-align: left;\">Hungary<\/h1>\n<p>[\/vc_column_text][vc_column_text]<\/p>\n<h2>Results of the 2024 European elections<\/h2>\n\n<table id=\"tablepress-230\" class=\"tablepress tablepress-id-230\">\n<thead>\n<tr class=\"row-1\">\n\t<th class=\"column-1\">Political Party<\/th><th class=\"column-2\">European affiliation<\/th><th class=\"column-3\">Number of votes<\/th><th class=\"column-4\">Percentage of votes<\/th><th class=\"column-5\">Number of seats<\/th><th class=\"column-6\">Trend compared to 2019<\/th>\n<\/tr>\n<\/thead>\n<tbody class=\"row-striping row-hover\">\n<tr class=\"row-2\">\n\t<td class=\"column-1\">Fidesz-KDNP<\/td><td class=\"column-2\">EPP \/ NI<\/td><td class=\"column-3\">2 031 063<\/td><td class=\"column-4\">44.79%<\/td><td class=\"column-5\">1 \/ 10<\/td><td class=\"column-6\">\u2193 2<\/td>\n<\/tr>\n<tr class=\"row-3\">\n\t<td class=\"column-1\">TISZA - Tisztelet \u00e9s Szabads\u00e1g P\u00e1rtja<\/td><td class=\"column-2\">EPP<\/td><td class=\"column-3\">1 342 096<\/td><td class=\"column-4\">29.6%<\/td><td class=\"column-5\">7<\/td><td class=\"column-6\">Newcomer<\/td>\n<\/tr>\n<tr class=\"row-4\">\n\t<td class=\"column-1\">DK-MSZP-P - Coalition DK-MSZP-P (Demokratikus Koal\u00edci\u00f3, Magyar Szocialista P\u00e1rt, P\u00e1rbesz\u00e9d-Z\u00f6ldek)<\/td><td class=\"column-2\">S&amp;D<\/td><td class=\"column-3\">366 217<\/td><td class=\"column-4\">8.08%<\/td><td class=\"column-5\">2<\/td><td class=\"column-6\">\u2193 3<\/td>\n<\/tr>\n<tr class=\"row-5\">\n\t<td class=\"column-1\">Mi Haz\u00e1nk<\/td><td class=\"column-2\">NI<\/td><td class=\"column-3\">305 517<\/td><td class=\"column-4\">6.74%<\/td><td class=\"column-5\">1<\/td><td class=\"column-6\">Newcomer<\/td>\n<\/tr>\n<\/tbody>\n<\/table>\n<!-- #tablepress-230 from cache -->\n<p>&nbsp;<\/p>\n<h2>List of Hungarian MEPs<\/h2>\n<div id=\"tablepress-133_wrapper\" class=\"dataTables_wrapper no-footer\">\n\n<table id=\"tablepress-286\" class=\"tablepress tablepress-id-286\">\n<thead>\n<tr class=\"row-1\">\n\t<th class=\"column-1\">MEP<\/th><th class=\"column-2\">Gender<\/th><th class=\"column-3\">National party<\/th><th class=\"column-4\">Political group in the European Parliament<\/th>\n<\/tr>\n<\/thead>\n<tbody class=\"row-striping row-hover\">\n<tr class=\"row-2\">\n\t<td class=\"column-1\">Tam\u00e1s Deutsch<\/td><td class=\"column-2\">m<\/td><td class=\"column-3\">(National parties that are members of this coalition)<br \/>\nFidesz-KDNP Coalition Fidesz \u2013 Magyar Polg\u00e1ri Sz\u00f6vets\u00e9g - Kereszt\u00e9nydemokrata N\u00e9pp\u00e1rt<\/td><td class=\"column-4\">PFE<\/td>\n<\/tr>\n<tr class=\"row-3\">\n\t<td class=\"column-1\">Kinga G\u00e1l<\/td><td class=\"column-2\">f<\/td><td class=\"column-3\">Fidesz-KDNP Coalition<\/td><td class=\"column-4\">PFE<\/td>\n<\/tr>\n<tr class=\"row-4\">\n\t<td class=\"column-1\">Andr\u00e1s Gy\u00fcrk<\/td><td class=\"column-2\">m<\/td><td class=\"column-3\">Fidesz-KDNP Coalition<\/td><td class=\"column-4\">PFE<\/td>\n<\/tr>\n<tr class=\"row-5\">\n\t<td class=\"column-1\">Csaba D\u00f6m\u00f6t\u00f6r<\/td><td class=\"column-2\">m<\/td><td class=\"column-3\">Fidesz-KDNP Coalition<\/td><td class=\"column-4\">PFE<\/td>\n<\/tr>\n<tr class=\"row-6\">\n\t<td class=\"column-1\">Ern\u0151 Schaller-Baross<\/td><td class=\"column-2\">m<\/td><td class=\"column-3\">Fidesz-KDNP Coalition<\/td><td class=\"column-4\">PFE<\/td>\n<\/tr>\n<tr class=\"row-7\">\n\t<td class=\"column-1\">P\u00e1l Szekeres<\/td><td class=\"column-2\">m<\/td><td class=\"column-3\">Fidesz-KDNP Coalition<\/td><td class=\"column-4\">PFE<\/td>\n<\/tr>\n<tr class=\"row-8\">\n\t<td class=\"column-1\">Vikt\u00f3ria Ferenc<\/td><td class=\"column-2\">f<\/td><td class=\"column-3\">Fidesz-KDNP Coalition<\/td><td class=\"column-4\">PFE<\/td>\n<\/tr>\n<tr class=\"row-9\">\n\t<td class=\"column-1\">Annam\u00e1ria Vicsek<\/td><td class=\"column-2\">f<\/td><td class=\"column-3\">Fidesz-KDNP Coalition<\/td><td class=\"column-4\">PFE<\/td>\n<\/tr>\n<tr class=\"row-10\">\n\t<td class=\"column-1\">Enik\u0151 Gy\u0151ri<\/td><td class=\"column-2\">f<\/td><td class=\"column-3\">Fidesz-KDNP Coalition<\/td><td class=\"column-4\">PFE<\/td>\n<\/tr>\n<tr class=\"row-11\">\n\t<td class=\"column-1\">Andr\u00e1s L\u00e1szl\u00f3<\/td><td class=\"column-2\">m<\/td><td class=\"column-3\">Fidesz-KDNP Coalition<\/td><td class=\"column-4\">PFE<\/td>\n<\/tr>\n<tr class=\"row-12\">\n\t<td class=\"column-1\">Gy\u00f6rgy Ern\u0151 H\u00f6lv\u00e9nyi<\/td><td class=\"column-2\">m<\/td><td class=\"column-3\">Kereszt\u00e9nydemokrata N\u00e9pp\u00e1rt (KDNP)<\/td><td class=\"column-4\">PFE<\/td>\n<\/tr>\n<tr class=\"row-13\">\n\t<td class=\"column-1\">P\u00e9ter Magyar<\/td><td class=\"column-2\">m<\/td><td class=\"column-3\">TISZA Tisztelet \u00e9s Szabads\u00e1g P\u00e1rtja<\/td><td class=\"column-4\">EPP<\/td>\n<\/tr>\n<tr class=\"row-14\">\n\t<td class=\"column-1\">D\u00f3ra D\u00e1vid<\/td><td class=\"column-2\">f<\/td><td class=\"column-3\">TISZA<\/td><td class=\"column-4\">EPP<\/td>\n<\/tr>\n<tr class=\"row-15\">\n\t<td class=\"column-1\">Zolt\u00e1n Tarr<\/td><td class=\"column-2\">m<\/td><td class=\"column-3\">TISZA<\/td><td class=\"column-4\">EPP<\/td>\n<\/tr>\n<tr class=\"row-16\">\n\t<td class=\"column-1\">Dr. Andr\u00e1s Kulja<\/td><td class=\"column-2\">m<\/td><td class=\"column-3\">TISZA<\/td><td class=\"column-4\">EPP<\/td>\n<\/tr>\n<tr class=\"row-17\">\n\t<td class=\"column-1\">Eszter Lakos<\/td><td class=\"column-2\">f<\/td><td class=\"column-3\">TISZA<\/td><td class=\"column-4\">EPP<\/td>\n<\/tr>\n<tr class=\"row-18\">\n\t<td class=\"column-1\">Dr. Gabriella Gerzsenyi<\/td><td class=\"column-2\">f<\/td><td class=\"column-3\">TISZA<\/td><td class=\"column-4\">EPP<\/td>\n<\/tr>\n<tr class=\"row-19\">\n\t<td class=\"column-1\">Dr. Kinga Koll\u00e1r<\/td><td class=\"column-2\">f<\/td><td class=\"column-3\">TISZA<\/td><td class=\"column-4\">EPP<\/td>\n<\/tr>\n<tr class=\"row-20\">\n\t<td class=\"column-1\">Dr. Kl\u00e1ra Dobrev<\/td><td class=\"column-2\">f<\/td><td class=\"column-3\">DK-MSZP-P Coalition DK-MSZP-P (Demokratikus Koal\u00edci\u00f3, Magyar Szocialista P\u00e1rt, P\u00e1rbesz\u00e9d-Z\u00f6ldek)<\/td><td class=\"column-4\">S&amp;D<\/td>\n<\/tr>\n<tr class=\"row-21\">\n\t<td class=\"column-1\">Dr. Csaba Moln\u00e1r<\/td><td class=\"column-2\">m<\/td><td class=\"column-3\">DK-MSZP-P Coalition<\/td><td class=\"column-4\">S&amp;D<\/td>\n<\/tr>\n<tr class=\"row-22\">\n\t<td class=\"column-1\">Zsuzsanna Borvend\u00e9g<\/td><td class=\"column-2\">f<\/td><td class=\"column-3\">Mi Haz\u00e1nk Mozgalom<\/td><td class=\"column-4\">ESN<\/td>\n<\/tr>\n<\/tbody>\n<\/table>\n<!-- #tablepress-286 from cache -->\n<div class=\"part\">\n<p>&nbsp;<\/p>\n<\/div>\n<\/div>\n<h2>Results of the 2019 European elections<\/h2>\n\n<table id=\"tablepress-47\" class=\"tablepress tablepress-id-47\">\n<thead>\n<tr class=\"row-1\">\n\t<th class=\"column-1\">Political parties<\/th><th class=\"column-2\">European affiliation<\/th><th class=\"column-3\">Number of votes<\/th><th class=\"column-4\">Percentage of votes<\/th><th class=\"column-5\">Number of seats<\/th><th class=\"column-6\">Trend compared with 2014<\/th>\n<\/tr>\n<\/thead>\n<tbody class=\"row-striping row-hover\">\n<tr class=\"row-2\">\n\t<td class=\"column-1\">Fidesz \u2013 Hungarian Civic Alliance &amp; Christian Democratic People's Party\t<\/td><td class=\"column-2\">EPP<\/td><td class=\"column-3\">1 795 013<\/td><td class=\"column-4\">52.33 %<\/td><td class=\"column-5\">13<\/td><td class=\"column-6\">\u2191<\/td>\n<\/tr>\n<tr class=\"row-3\">\n\t<td class=\"column-1\">Democratic Coalition - DK\t<\/td><td class=\"column-2\">S&amp;D<\/td><td class=\"column-3\">555 258<\/td><td class=\"column-4\">16.19 %<\/td><td class=\"column-5\">4<\/td><td class=\"column-6\">\u2191<\/td>\n<\/tr>\n<tr class=\"row-4\">\n\t<td class=\"column-1\">Momentum<\/td><td class=\"column-2\">Renew Europe<\/td><td class=\"column-3\">339 196<\/td><td class=\"column-4\">9.89 %<\/td><td class=\"column-5\">2<\/td><td class=\"column-6\">New<\/td>\n<\/tr>\n<tr class=\"row-5\">\n\t<td class=\"column-1\">Hungarian Socialist Party - MSZP\t<\/td><td class=\"column-2\">S&amp;D<\/td><td class=\"column-3\">228 333<\/td><td class=\"column-4\">6.66 %<\/td><td class=\"column-5\">1<\/td><td class=\"column-6\">\u2191<\/td>\n<\/tr>\n<tr class=\"row-6\">\n\t<td class=\"column-1\">Jobbik - Movement for a Better Hungary\t<\/td><td class=\"column-2\"><\/td><td class=\"column-3\">219 715<\/td><td class=\"column-4\">6.41 %<\/td><td class=\"column-5\">1<\/td><td class=\"column-6\">\u2193<\/td>\n<\/tr>\n<\/tbody>\n<\/table>\n<!-- #tablepress-47 from cache -->\n<p>&nbsp;<\/p>\n<div class=\"part\">\n<p><a name=\"procedure\"><\/a><\/p>\n<div class=\"part\">\n<h2>Electoral Procedures for 2024<\/h2>\n<p><strong>Election Dates :<\/strong> 9 June 2024<br \/>\n<span style=\"color: #003399;\">&gt;<\/span>\u00a0<strong>Number of MEPs :<\/strong>\u00a021<br \/>\n<span style=\"color: #003399;\">&gt;<\/span>\u00a0<strong>At what age can one vote?<\/strong>\u00a018 years<br \/>\n<span style=\"color: #003399;\">&gt;<\/span>\u00a0<strong>At what age can one be elected?<\/strong>\u00a018 years<br \/>\n<span style=\"color: #003399;\">&gt;<\/span>\u00a0<strong>Who can vote?<\/strong>\u00a0European citizens living in Hungary.<\/p>\n<p>&nbsp;<\/p>\n<\/div>\n<div class=\"part\">\n<h2>Electoral rules<\/h2>\n<\/div>\n<div class=\"part\">\n<p>\u00a0<strong>Voting method :<\/strong>\u00a0Closed list<br \/>\n<span style=\"color: #003399;\">&gt;<\/span>\u00a0<strong>Means for attributing seats :<\/strong>\u00a0D\u2019Hondt Method<br \/>\n<span style=\"color: #003399;\">&gt;<\/span>\u00a0<strong>Can candidates be chosen from a list?<\/strong> No<\/p>\n<p>&nbsp;<\/p>\n<\/div>\n<\/div>\n<div class=\"part\">\n<div class=\"part\">\n<h2>Institutions and political situation<\/h2>\n<p>Democratic parliamentary republic<br \/>\n\u2013\u00a0<strong>Head of State :<\/strong>\u00a0Janos Ader<br \/>\n\u2013\u00a0<strong>Prime Minister :<\/strong> Viktor Orb\u00e1n<\/p>\n<p>&nbsp;<\/p>\n<\/div>\n<div class=\"part\">\n<h2>Economy<\/h2>\n<p><strong>&gt; Currency :<\/strong> Forint (HUF) (exchange rate in September 2023: 1\u20ac = 387.73 HUF)<br \/>\n&gt; <strong>GDP<\/strong>: 170,246.8 million \u20ac (2022)<br \/>\n&gt; <strong>GDP per capita (PPP)<\/strong>: 14,370 \u20ac (2022)<br \/>\n&gt; <strong>GDP growth<\/strong>: 0.5% (2023)<br \/>\n&gt; <strong>Unemployment<\/strong>: 4.1% (August 2023)<br \/>\n&gt; <strong>Inflation<\/strong>: 12.2% (September 2023)<br \/>\n&gt; <strong>Public debt<\/strong>: 73.3% of GDP (December 2022)<br \/>\n&gt; <strong>Public deficit<\/strong>: 6.5% of GDP (December 2022)<\/p>\n<p>&nbsp;<\/p>\n<\/div>\n<h2 class=\"part\">Geography and population<\/h2>\n<p><strong>Surface Area :<\/strong>\u00a093 030 km\u00b2 (source : The CIA World Factbook)<\/p>\n<p class=\"part\">\u2013 9,7 million inhabitants (est. 2023)<\/p>\n<p>&nbsp;<\/p>\n<h2>Printable version<\/h2>\n<\/div>\n<figure id=\"attachment_7795\" aria-describedby=\"caption-attachment-7795\" style=\"width: 218px\" class=\"wp-caption alignnone\"><a href=\"https:\/\/server.www.robert-schuman.eu\/storage\/en\/dossiers-pedagogiques\/connaitre-europe\/carte\/hongrie.pdf\" target=\"_blank\" rel=\"noopener\"><img loading=\"lazy\" decoding=\"async\" class=\"wp-image-7795 size-medium\" src=\"https:\/\/www.electionseuropeennes.eu\/wp-content\/uploads\/2024\/06\/Screenshot-2024-06-17-at-17.04.55-218x300.png\" alt=\"\" width=\"218\" height=\"300\" srcset=\"https:\/\/www.electionseuropeennes.eu\/wp-content\/uploads\/2024\/06\/Screenshot-2024-06-17-at-17.04.55-218x300.png 218w, https:\/\/www.electionseuropeennes.eu\/wp-content\/uploads\/2024\/06\/Screenshot-2024-06-17-at-17.04.55-745x1024.png 745w, https:\/\/www.electionseuropeennes.eu\/wp-content\/uploads\/2024\/06\/Screenshot-2024-06-17-at-17.04.55-768x1055.png 768w, https:\/\/www.electionseuropeennes.eu\/wp-content\/uploads\/2024\/06\/Screenshot-2024-06-17-at-17.04.55-69x95.png 69w, https:\/\/www.electionseuropeennes.eu\/wp-content\/uploads\/2024\/06\/Screenshot-2024-06-17-at-17.04.55.png 1108w\" sizes=\"auto, (max-width: 218px) 100vw, 218px\" \/><\/a><figcaption id=\"caption-attachment-7795\" class=\"wp-caption-text\">Download PDF file<\/figcaption><\/figure>\n<p>[\/vc_column_text][\/vc_column][\/vc_row]<\/p>\n<\/section>","protected":false},"excerpt":{"rendered":"<p>[vc_row css=&#8221;.vc_custom_1696102623875{margin-top: 20px !important;margin-bottom: 50px !important;}&#8221;][vc_column][vc_column_text] Hungary [\/vc_column_text][vc_column_text] Results of the 2024 European elections &nbsp; List of Hungarian MEPs &nbsp; Results of the 2019 European elections &nbsp; Electoral Procedures for 2024 Election Dates : 9 June 2024 &gt;\u00a0Number of MEPs :\u00a021 &gt;\u00a0At what age can one vote?\u00a018 years &gt;\u00a0At what age can one be elected?\u00a018 [&hellip;]<\/p>\n","protected":false},"author":1,"featured_media":0,"parent":0,"menu_order":0,"comment_status":"closed","ping_status":"closed","template":"page-templates\/template-home.php","meta":{"_acf_changed":false,"footnotes":""},"class_list":["post-5161","page","type-page","status-publish","hentry"],"acf":[],"_links":{"self":[{"href":"https:\/\/www.electionseuropeennes.eu\/en\/wp-json\/wp\/v2\/pages\/5161","targetHints":{"allow":["GET"]}}],"collection":[{"href":"https:\/\/www.electionseuropeennes.eu\/en\/wp-json\/wp\/v2\/pages"}],"about":[{"href":"https:\/\/www.electionseuropeennes.eu\/en\/wp-json\/wp\/v2\/types\/page"}],"author":[{"embeddable":true,"href":"https:\/\/www.electionseuropeennes.eu\/en\/wp-json\/wp\/v2\/users\/1"}],"replies":[{"embeddable":true,"href":"https:\/\/www.electionseuropeennes.eu\/en\/wp-json\/wp\/v2\/comments?post=5161"}],"version-history":[{"count":19,"href":"https:\/\/www.electionseuropeennes.eu\/en\/wp-json\/wp\/v2\/pages\/5161\/revisions"}],"predecessor-version":[{"id":8055,"href":"https:\/\/www.electionseuropeennes.eu\/en\/wp-json\/wp\/v2\/pages\/5161\/revisions\/8055"}],"wp:attachment":[{"href":"https:\/\/www.electionseuropeennes.eu\/en\/wp-json\/wp\/v2\/media?parent=5161"}],"curies":[{"name":"wp","href":"https:\/\/api.w.org\/{rel}","templated":true}]}}