{"id":5190,"date":"2023-09-28T15:04:38","date_gmt":"2023-09-28T13:04:38","guid":{"rendered":"https:\/\/2024.electionseuropeennes.eu\/4382-2\/"},"modified":"2024-06-25T12:40:32","modified_gmt":"2024-06-25T10:40:32","slug":"poland","status":"publish","type":"page","link":"https:\/\/www.electionseuropeennes.eu\/en\/poland\/","title":{"rendered":"Poland"},"content":{"rendered":"<section class=\"wpb-content-wrapper\"><p>[vc_row css=&#8221;.vc_custom_1696245375023{margin-top: 20px !important;margin-bottom: 50px !important;}&#8221;][vc_column][vc_column_text]<\/p>\n<h1>Poland<\/h1>\n<p>[\/vc_column_text][vc_column_text]<\/p>\n<h2>Results of the 2024 European elections<\/h2>\n\n<table id=\"tablepress-238\" class=\"tablepress tablepress-id-238\">\n<thead>\n<tr class=\"row-1\">\n\t<th class=\"column-1\">Political Party<\/th><th class=\"column-2\">European affiliation<\/th><th class=\"column-3\">Number of votes<\/th><th class=\"column-4\">Percentage of votes<\/th><th class=\"column-5\">Number of seats<\/th><th class=\"column-6\">Trend compared to 2019<\/th>\n<\/tr>\n<\/thead>\n<tbody class=\"row-striping row-hover\">\n<tr class=\"row-2\">\n\t<td class=\"column-1\">Koalicja Obywatelska (Platforma Obywatelska, Nowoczesna, Inicjatywa Polska, Partia Zieloni)<\/td><td class=\"column-2\">EPP\/NI<\/td><td class=\"column-3\">4 359 443<\/td><td class=\"column-4\">37.06%<\/td><td class=\"column-5\">18 \/ 3<\/td><td class=\"column-6\">\u2193 1<\/td>\n<\/tr>\n<tr class=\"row-3\">\n\t<td class=\"column-1\">Prawo i Sprawiedliwo\u015b\u0107 (PiS, Suwerenna Polska)<\/td><td class=\"column-2\">ECR<\/td><td class=\"column-3\">4 253 169<\/td><td class=\"column-4\">36.16%<\/td><td class=\"column-5\">20<\/td><td class=\"column-6\">\u2193 6<\/td>\n<\/tr>\n<tr class=\"row-4\">\n\t<td class=\"column-1\">Konfederacja Wolno\u015b\u0107 i Niepodleg\u0142o\u015b\u0107 (Konfederacja Korony Polskiej, Ruch Narodowy, Nowa Nadzieja, Polska Jest Jedna, Wolno\u015bciowcy)<\/td><td class=\"column-2\">NI<\/td><td class=\"column-3\">1 420 287<\/td><td class=\"column-4\">12.08%<\/td><td class=\"column-5\">6<\/td><td class=\"column-6\">Newcomer<\/td>\n<\/tr>\n<tr class=\"row-5\">\n\t<td class=\"column-1\">Trzecia Droga Polska 2050 Szymona Ho\u0142owni - Polskie Stronnictwo Ludowe (Polskie Stronnictwo Ludowe, Polska2050, Unia Europejskich Demokrat\u00f3w, Wolno\u015bciowcy)<\/td><td class=\"column-2\">EPP\/Renew<\/td><td class=\"column-3\">813 238<\/td><td class=\"column-4\">6.91%<\/td><td class=\"column-5\">2 \/ 1<\/td><td class=\"column-6\">Newcomer<\/td>\n<\/tr>\n<tr class=\"row-6\">\n\t<td class=\"column-1\">Lewica (Nowa Lewica, Lewica Razem, Unia Pracy)<\/td><td class=\"column-2\">S&amp;D<\/td><td class=\"column-3\">741 071<\/td><td class=\"column-4\">6.3%<\/td><td class=\"column-5\">3<\/td><td class=\"column-6\">Newcomer<\/td>\n<\/tr>\n<\/tbody>\n<\/table>\n<!-- #tablepress-238 from cache -->\n<p>&nbsp;<\/p>\n<h2>List of Polish MEPs<\/h2>\n<div id=\"tablepress-137_wrapper\" class=\"dataTables_wrapper no-footer\">\n<table id=\"tablepress-294\" class=\"tablepress tablepress-id-294\">\n<thead>\n<tr class=\"row-1\">\n\t<th class=\"column-1\">MEP<\/th><th class=\"column-2\">Gender<\/th><th class=\"column-3\">National party<\/th><th class=\"column-4\">Political group in the European Parliament<\/th>\n<\/tr>\n<\/thead>\n<tbody class=\"row-striping row-hover\">\n<tr class=\"row-2\">\n\t<td class=\"column-1\">Magdalena Adamowicz<\/td><td class=\"column-2\">f<\/td><td class=\"column-3\">Independent<\/td><td class=\"column-4\">EPP<\/td>\n<\/tr>\n<tr class=\"row-3\">\n\t<td class=\"column-1\">Bartosz Adam Ar\u0142ukowicz<\/td><td class=\"column-2\">m<\/td><td class=\"column-3\">Koalicja Obywatelska<\/td><td class=\"column-4\">EPP<\/td>\n<\/tr>\n<tr class=\"row-4\">\n\t<td class=\"column-1\">Krzysztof Brejza<\/td><td class=\"column-2\">m<\/td><td class=\"column-3\">Koalicja Obywatelska<\/td><td class=\"column-4\">EPP<\/td>\n<\/tr>\n<tr class=\"row-5\">\n\t<td class=\"column-1\">Borys Piotr Budka<\/td><td class=\"column-2\">m<\/td><td class=\"column-3\">Koalicja Obywatelska<\/td><td class=\"column-4\">EPP<\/td>\n<\/tr>\n<tr class=\"row-6\">\n\t<td class=\"column-1\">Andrzej Bu\u0142a<\/td><td class=\"column-2\">m<\/td><td class=\"column-3\">Koalicja Obywatelska<\/td><td class=\"column-4\">EPP<\/td>\n<\/tr>\n<tr class=\"row-7\">\n\t<td class=\"column-1\">Kamila Gasiuk-Pihowicz<\/td><td class=\"column-2\">f<\/td><td class=\"column-3\">Koalicja Obywatelska<\/td><td class=\"column-4\">EPP<\/td>\n<\/tr>\n<tr class=\"row-8\">\n\t<td class=\"column-1\">Andrzej Witold Halicki<\/td><td class=\"column-2\">m<\/td><td class=\"column-3\">Koalicja Obywatelska<\/td><td class=\"column-4\">EPP<\/td>\n<\/tr>\n<tr class=\"row-9\">\n\t<td class=\"column-1\">Dariusz Jo\u0144ski<\/td><td class=\"column-2\">m<\/td><td class=\"column-3\">Koalicja Obywatelska<\/td><td class=\"column-4\">EPP<\/td>\n<\/tr>\n<tr class=\"row-10\">\n\t<td class=\"column-1\">Hanna Gronkiewicz-Waltz<\/td><td class=\"column-2\">f<\/td><td class=\"column-3\">Koalicja Obywatelska<\/td><td class=\"column-4\">EPP<\/td>\n<\/tr>\n<tr class=\"row-11\">\n\t<td class=\"column-1\">\u0141ukasz Marcin Kohut<\/td><td class=\"column-2\">m<\/td><td class=\"column-3\">Independent<\/td><td class=\"column-4\">EPP<\/td>\n<\/tr>\n<tr class=\"row-12\">\n\t<td class=\"column-1\">Ewa Bo\u017cena Kopacz<\/td><td class=\"column-2\">f<\/td><td class=\"column-3\">Koalicja Obywatelska<\/td><td class=\"column-4\">EPP<\/td>\n<\/tr>\n<tr class=\"row-13\">\n\t<td class=\"column-1\">Janusz Antoni Lewandowski<\/td><td class=\"column-2\">m<\/td><td class=\"column-3\">Koalicja Obywatelska<\/td><td class=\"column-4\">EPP<\/td>\n<\/tr>\n<tr class=\"row-14\">\n\t<td class=\"column-1\">El\u017cbieta Katarzyna \u0141ukacijewska<\/td><td class=\"column-2\">f<\/td><td class=\"column-3\">Koalicja Obywatelska<\/td><td class=\"column-4\">EPP<\/td>\n<\/tr>\n<tr class=\"row-15\">\n\t<td class=\"column-1\">Jagna Kinga Marczu\u0142ajtis-Walczak<\/td><td class=\"column-2\">f<\/td><td class=\"column-3\">Koalicja Obywatelska<\/td><td class=\"column-4\">EPP<\/td>\n<\/tr>\n<tr class=\"row-16\">\n\t<td class=\"column-1\">Miros\u0142awa Nykiel<\/td><td class=\"column-2\">f<\/td><td class=\"column-3\">Koalicja Obywatelska<\/td><td class=\"column-4\">EPP<\/td>\n<\/tr>\n<tr class=\"row-17\">\n\t<td class=\"column-1\">Jacek Protas<\/td><td class=\"column-2\">m<\/td><td class=\"column-3\">Koalicja Obywatelska<\/td><td class=\"column-4\">EPP<\/td>\n<\/tr>\n<tr class=\"row-18\">\n\t<td class=\"column-1\">Bart\u0142omiej Henryk Sienkiewicz<\/td><td class=\"column-2\">m<\/td><td class=\"column-3\">Koalicja Obywatelska<\/td><td class=\"column-4\">EPP<\/td>\n<\/tr>\n<tr class=\"row-19\">\n\t<td class=\"column-1\">Micha\u0142 Roch Szczerba<\/td><td class=\"column-2\">m<\/td><td class=\"column-3\">Koalicja Obywatelska<\/td><td class=\"column-4\">EPP<\/td>\n<\/tr>\n<tr class=\"row-20\">\n\t<td class=\"column-1\">Micha\u0142 Wawrykiewicz<\/td><td class=\"column-2\">m<\/td><td class=\"column-3\">Independent<\/td><td class=\"column-4\">EPP<\/td>\n<\/tr>\n<tr class=\"row-21\">\n\t<td class=\"column-1\">Marta Anna Wcis\u0142o<\/td><td class=\"column-2\">f<\/td><td class=\"column-3\">Koalicja Obywatelska<\/td><td class=\"column-4\">EPP<\/td>\n<\/tr>\n<tr class=\"row-22\">\n\t<td class=\"column-1\">Bogdan Andrzej Zdrojewski<\/td><td class=\"column-2\">m<\/td><td class=\"column-3\">Koalicja Obywatelska<\/td><td class=\"column-4\">EPP<\/td>\n<\/tr>\n<tr class=\"row-23\">\n\t<td class=\"column-1\">Adam Jerzy Bielan<\/td><td class=\"column-2\">m<\/td><td class=\"column-3\">Prawo i Sprawiedliwo\u015b\u0107 (PiS)<\/td><td class=\"column-4\">ECR<\/td>\n<\/tr>\n<tr class=\"row-24\">\n\t<td class=\"column-1\">Tobiasz Adam Boche\u0144ski<\/td><td class=\"column-2\">m<\/td><td class=\"column-3\">PiS<\/td><td class=\"column-4\">ECR<\/td>\n<\/tr>\n<tr class=\"row-25\">\n\t<td class=\"column-1\">Joachim Stanis\u0142aw Brudzi\u0144ski<\/td><td class=\"column-2\">m<\/td><td class=\"column-3\">PiS<\/td><td class=\"column-4\">ECR<\/td>\n<\/tr>\n<tr class=\"row-26\">\n\t<td class=\"column-1\">Waldemar Grzegorz Buda<\/td><td class=\"column-2\">m<\/td><td class=\"column-3\">PiS<\/td><td class=\"column-4\">ECR<\/td>\n<\/tr>\n<tr class=\"row-27\">\n\t<td class=\"column-1\">Micha\u0142 Pawe\u0142 Dworczyk<\/td><td class=\"column-2\">m<\/td><td class=\"column-3\">PiS<\/td><td class=\"column-4\">ECR<\/td>\n<\/tr>\n<tr class=\"row-28\">\n\t<td class=\"column-1\">Ma\u0142gorzata Maria Gosiewska<\/td><td class=\"column-2\">f<\/td><td class=\"column-3\">PiS<\/td><td class=\"column-4\">ECR<\/td>\n<\/tr>\n<tr class=\"row-29\">\n\t<td class=\"column-1\">Patryk Tomasz Jaki<\/td><td class=\"column-2\">m<\/td><td class=\"column-3\">Solidarna Polska Zbigniewa Ziobro<\/td><td class=\"column-4\">ECR<\/td>\n<\/tr>\n<tr class=\"row-30\">\n\t<td class=\"column-1\">Mariusz Kami\u0144ski<\/td><td class=\"column-2\">m<\/td><td class=\"column-3\">PiS<\/td><td class=\"column-4\">ECR<\/td>\n<\/tr>\n<tr class=\"row-31\">\n\t<td class=\"column-1\">Marlena Magdalena Mal\u0105g<\/td><td class=\"column-2\">f<\/td><td class=\"column-3\">PiS<\/td><td class=\"column-4\">ECR<\/td>\n<\/tr>\n<tr class=\"row-32\">\n\t<td class=\"column-1\">Arkadiusz Mularczyk<\/td><td class=\"column-2\">m<\/td><td class=\"column-3\">PiS<\/td><td class=\"column-4\">ECR<\/td>\n<\/tr>\n<tr class=\"row-33\">\n\t<td class=\"column-1\">Piotr J\u00f3zef M\u00fcller<\/td><td class=\"column-2\">m<\/td><td class=\"column-3\">PiS<\/td><td class=\"column-4\">ECR<\/td>\n<\/tr>\n<tr class=\"row-34\">\n\t<td class=\"column-1\">Daniel Obajtek<\/td><td class=\"column-2\">m<\/td><td class=\"column-3\">PiS<\/td><td class=\"column-4\">ECR<\/td>\n<\/tr>\n<tr class=\"row-35\">\n\t<td class=\"column-1\">Jacek Dawid Ozdoba<\/td><td class=\"column-2\">m<\/td><td class=\"column-3\">Suwerenna Polska<\/td><td class=\"column-4\">ECR<\/td>\n<\/tr>\n<tr class=\"row-36\">\n\t<td class=\"column-1\">Bogdan J\u00f3zef Rzo\u0144ca<\/td><td class=\"column-2\">m<\/td><td class=\"column-3\">PiS<\/td><td class=\"column-4\">ECR<\/td>\n<\/tr>\n<tr class=\"row-37\">\n\t<td class=\"column-1\">Beata Maria Szyd\u0142o<\/td><td class=\"column-2\">f<\/td><td class=\"column-3\">PiS<\/td><td class=\"column-4\">ECR<\/td>\n<\/tr>\n<tr class=\"row-38\">\n\t<td class=\"column-1\">Dominik Tarczy\u0144ski<\/td><td class=\"column-2\">m<\/td><td class=\"column-3\">PiS<\/td><td class=\"column-4\">ECR<\/td>\n<\/tr>\n<tr class=\"row-39\">\n\t<td class=\"column-1\">Maciej Roman W\u0105sik<\/td><td class=\"column-2\">m<\/td><td class=\"column-3\">PiS<\/td><td class=\"column-4\">ECR<\/td>\n<\/tr>\n<tr class=\"row-40\">\n\t<td class=\"column-1\">Jadwiga Maria Wi\u015bniewska<\/td><td class=\"column-2\">f<\/td><td class=\"column-3\">PiS<\/td><td class=\"column-4\">ECR<\/td>\n<\/tr>\n<tr class=\"row-41\">\n\t<td class=\"column-1\">Anna El\u017cbieta Zalewska<\/td><td class=\"column-2\">f<\/td><td class=\"column-3\">PiS<\/td><td class=\"column-4\">ECR<\/td>\n<\/tr>\n<tr class=\"row-42\">\n\t<td class=\"column-1\">Kosma Tadeusz Z\u0142otowski<\/td><td class=\"column-2\">m<\/td><td class=\"column-3\">PiS<\/td><td class=\"column-4\">ECR<\/td>\n<\/tr>\n<tr class=\"row-43\">\n\t<td class=\"column-1\">Robert Biedro\u0144<\/td><td class=\"column-2\">m<\/td><td class=\"column-3\">Lewica<\/td><td class=\"column-4\">S&amp;D<\/td>\n<\/tr>\n<tr class=\"row-44\">\n\t<td class=\"column-1\">Joanna Izabela Scheuring-Wielgus<\/td><td class=\"column-2\">f<\/td><td class=\"column-3\">Lewica<\/td><td class=\"column-4\">S&amp;D<\/td>\n<\/tr>\n<tr class=\"row-45\">\n\t<td class=\"column-1\">Krzysztof Jan \u015amiszek<\/td><td class=\"column-2\">m<\/td><td class=\"column-3\">Lewica<\/td><td class=\"column-4\">S&amp;D<\/td>\n<\/tr>\n<tr class=\"row-46\">\n\t<td class=\"column-1\">Krzysztof Andrzej Hetman<\/td><td class=\"column-2\">m<\/td><td class=\"column-3\">Polskie Stronnictwo Ludowe<\/td><td class=\"column-4\">EPP<\/td>\n<\/tr>\n<tr class=\"row-47\">\n\t<td class=\"column-1\">Adam Sebastian Jarubas<\/td><td class=\"column-2\">m<\/td><td class=\"column-3\">Polskie Stronnictwo Ludowe<\/td><td class=\"column-4\">EPP<\/td>\n<\/tr>\n<tr class=\"row-48\">\n\t<td class=\"column-1\">Micha\u0142 Andrzej Kobosko<\/td><td class=\"column-2\">m<\/td><td class=\"column-3\">Polska 2050<\/td><td class=\"column-4\">Renew Europe<\/td>\n<\/tr>\n<tr class=\"row-49\">\n\t<td class=\"column-1\">Grzegorz Micha\u0142 Braun<\/td><td class=\"column-2\">m<\/td><td class=\"column-3\">Konfederacja Wolno\u015b\u0107 i Niepodleg\u0142o\u015b\u0107<\/td><td class=\"column-4\">N-I<\/td>\n<\/tr>\n<tr class=\"row-50\">\n\t<td class=\"column-1\">Anna Miros\u0142awa Bry\u0142ka<\/td><td class=\"column-2\">f<\/td><td class=\"column-3\">Konfederacja Wolno\u015b\u0107 i Niepodleg\u0142o\u015b\u0107<\/td><td class=\"column-4\">PFE<\/td>\n<\/tr>\n<tr class=\"row-51\">\n\t<td class=\"column-1\">Tomasz Wojciech Buczek<\/td><td class=\"column-2\">m<\/td><td class=\"column-3\">Konfederacja Wolno\u015b\u0107 i Niepodleg\u0142o\u015b\u0107<\/td><td class=\"column-4\">PFE<\/td>\n<\/tr>\n<tr class=\"row-52\">\n\t<td class=\"column-1\">Marcin Sypniewski<\/td><td class=\"column-2\">m<\/td><td class=\"column-3\">Konfederacja Wolno\u015b\u0107 i Niepodleg\u0142o\u015b\u0107<\/td><td class=\"column-4\">ESN<\/td>\n<\/tr>\n<tr class=\"row-53\">\n\t<td class=\"column-1\">Stanis\u0142aw Tyszka<\/td><td class=\"column-2\">m<\/td><td class=\"column-3\">Konfederacja Wolno\u015b\u0107 i Niepodleg\u0142o\u015b\u0107<\/td><td class=\"column-4\">ESN<\/td>\n<\/tr>\n<tr class=\"row-54\">\n\t<td class=\"column-1\">Ewa Zaj\u0105czkowska-Hernik<\/td><td class=\"column-2\">f<\/td><td class=\"column-3\">Konfederacja Wolno\u015b\u0107 i Niepodleg\u0142o\u015b\u0107<\/td><td class=\"column-4\">ESN<\/td>\n<\/tr>\n<\/tbody>\n<\/table>\n<!-- #tablepress-294 from cache --><\/div>\n<div>\n<p>&nbsp;<\/p>\n<\/div>\n<h2>Results of the 2019 European elections<\/h2>\n\n<table id=\"tablepress-49\" class=\"tablepress tablepress-id-49\">\n<thead>\n<tr class=\"row-1\">\n\t<th class=\"column-1\">Political Parties<\/th><th class=\"column-2\">European affiliation <\/th><th class=\"column-3\">Number of votes<\/th><th class=\"column-4\">Percentage of votes<\/th><th class=\"column-5\">Number of seats<\/th><th class=\"column-6\">Trend compared with 2014<\/th>\n<\/tr>\n<\/thead>\n<tbody class=\"row-striping row-hover\">\n<tr class=\"row-2\">\n\t<td class=\"column-1\">Law and Justice, PiS\t<\/td><td class=\"column-2\">ECR<\/td><td class=\"column-3\">6 192 780<\/td><td class=\"column-4\">45.38 %<\/td><td class=\"column-5\">26<\/td><td class=\"column-6\">\u2191<\/td>\n<\/tr>\n<tr class=\"row-3\">\n\t<td class=\"column-1\">European Coalition (PO, PSL, SLD, Modern, Green Party)\t<\/td><td class=\"column-2\">EPP - S&amp;D <\/td><td class=\"column-3\">5 249 335<\/td><td class=\"column-4\">38.47 %<\/td><td class=\"column-5\">22<\/td><td class=\"column-6\">New<\/td>\n<\/tr>\n<tr class=\"row-4\">\n\t<td class=\"column-1\">Spring<\/td><td class=\"column-2\">S&amp;D<\/td><td class=\"column-3\">826 975<\/td><td class=\"column-4\">6.06 %<\/td><td class=\"column-5\">3<\/td><td class=\"column-6\">New<\/td>\n<\/tr>\n<tr class=\"row-5\">\n\t<td class=\"column-1\">National Confederation Korwin, Braun, Liroy, Narodowcy\t<\/td><td class=\"column-2\"><\/td><td class=\"column-3\">614 033<\/td><td class=\"column-4\">4.55 %<\/td><td class=\"column-5\">0<\/td><td class=\"column-6\"><\/td>\n<\/tr>\n<\/tbody>\n<\/table>\n<!-- #tablepress-49 from cache -->\n<div class=\"part\">\n<p>&nbsp;<\/p>\n<h2>Electoral Procedures for 2024<\/h2>\n<p><span style=\"color: #003399;\">&gt;<\/span> <strong>Election Dates :<\/strong> 9 June 2024<br \/>\n<span style=\"color: #003399;\">&gt;<\/span> <strong>Number of MEPs:<\/strong>\u00a053<br \/>\n<span style=\"color: #003399;\">&gt;<\/span> <strong>At what age can one vote?<\/strong>\u00a018 years<br \/>\n<span style=\"color: #003399;\">&gt;<\/span> <strong>At what age can one be elected?\u00a0<\/strong>21 years<br \/>\n<span style=\"color: #003399;\">&gt;<\/span> <strong>Who can vote?<\/strong>\u00a0European citizens living in Poland.<\/p>\n<p>&nbsp;<\/p>\n<\/div>\n<div class=\"part\">\n<h2>Electoral rules<\/h2>\n<p><strong>Voting method :<\/strong>\u00a0Preferential vote<br \/>\n<span style=\"color: #003399;\">&gt;<\/span> <strong>Means for attributing seats :<\/strong>\u00a0D\u2019Hondt\/Hare Niemeyer Method<br \/>\n<span style=\"color: #003399;\">&gt;<\/span> <strong>Can candidates be chosen from a list?<\/strong> Yes<br \/>\n<span style=\"color: #003399;\">&gt;<\/span> <strong>Number of constituencies :<\/strong>\u00a013<br \/>\n<span style=\"color: #003399;\">&gt;<\/span> <strong>Number MEPs per constituency :<\/strong>\u00a0The number of MEP&#8217;s by constituency varies at each election depending on the voter turnout.<\/p>\n<p>&nbsp;<\/p>\n<\/div>\n<div class=\"part\">\n<div class=\"part\">\n<h2>Institutions and political situation<\/h2>\n<p>Republic, parliamentary democracy (Constitution of 17 October 1997)<\/p>\n<p>\u2013\u00a0<strong>Head of State<\/strong>: Andrzej Duda (Law and Justice, PiS), elected on 24 May 2015 by direct universal suffrage (five-year term renewable once).<\/p>\n<p>\u2013\u00a0<strong>Prime Minister<\/strong>: Donald Tusk<\/p>\n<p>&nbsp;<\/p>\n<\/div>\n<div class=\"part\">\n<h2>Economy<\/h2>\n<div class=\"part\">\n<p><span style=\"color: #003399;\">&gt;<\/span> <strong>Currency :<\/strong>\u00a0Zloty (PLN) (exchange rate in May 2023: 1 \u20ac = 4.07 PLN)<br \/>\n<span style=\"color: #003399;\">&gt;<\/span> <strong>GDP :<\/strong>\u00a0\u20ac 654 643.3 million (2022)<br \/>\n<span style=\"color: #003399;\">&gt;<\/span> <strong>GDP per capita (PPS) :<\/strong>\u00a0\u20ac 14 600 (2022)<br \/>\n<span style=\"color: #003399;\">&gt;<\/span> <strong>GDP Growth :<\/strong>\u00a03.8% (March 2023)<br \/>\n<span style=\"color: #003399;\">&gt;<\/span> <strong>Unemployment:<\/strong>\u00a05% (August 2023)<br \/>\n<span style=\"color: #003399;\">&gt;<\/span> <strong>Inflation :<\/strong>\u00a08.2% (September 2023)<br \/>\n<span style=\"color: #003399;\">&gt;<\/span> <strong>Public Debt :<\/strong>\u00a050.5% of GDP (2023)<\/p>\n<p>&nbsp;<\/p>\n<\/div>\n<div class=\"part\">\n<div class=\"part\">\n<h2>Geography and population<\/h2>\n<p><strong>Surface Area:<\/strong>\u00a0312,679 km\u00b2<\/p>\n<p><strong>Population:<\/strong> 36.7 million inhabitants (2023)<\/p>\n<p>&nbsp;<\/p>\n<\/div>\n<\/div>\n<\/div>\n<h1>Printable version<\/h1>\n<\/div>\n<div class=\"part\"><\/div>\n<figure id=\"attachment_7819\" aria-describedby=\"caption-attachment-7819\" style=\"width: 218px\" class=\"wp-caption alignnone\"><a href=\"https:\/\/server.www.robert-schuman.eu\/storage\/en\/dossiers-pedagogiques\/connaitre-europe\/carte\/pologne.pdf\" target=\"_blank\" rel=\"noopener\"><img loading=\"lazy\" decoding=\"async\" class=\"wp-image-7819 size-medium\" src=\"https:\/\/www.electionseuropeennes.eu\/wp-content\/uploads\/2024\/06\/Screenshot-2024-06-17-at-17.19.27-218x300.png\" alt=\"\" width=\"218\" height=\"300\" srcset=\"https:\/\/www.electionseuropeennes.eu\/wp-content\/uploads\/2024\/06\/Screenshot-2024-06-17-at-17.19.27-218x300.png 218w, https:\/\/www.electionseuropeennes.eu\/wp-content\/uploads\/2024\/06\/Screenshot-2024-06-17-at-17.19.27-745x1024.png 745w, https:\/\/www.electionseuropeennes.eu\/wp-content\/uploads\/2024\/06\/Screenshot-2024-06-17-at-17.19.27-768x1055.png 768w, https:\/\/www.electionseuropeennes.eu\/wp-content\/uploads\/2024\/06\/Screenshot-2024-06-17-at-17.19.27-69x95.png 69w, https:\/\/www.electionseuropeennes.eu\/wp-content\/uploads\/2024\/06\/Screenshot-2024-06-17-at-17.19.27.png 1108w\" sizes=\"auto, (max-width: 218px) 100vw, 218px\" \/><\/a><figcaption id=\"caption-attachment-7819\" class=\"wp-caption-text\">Download PDF file<\/figcaption><\/figure>\n<p>[\/vc_column_text][\/vc_column][\/vc_row]<\/p>\n<\/section>","protected":false},"excerpt":{"rendered":"<p>[vc_row css=&#8221;.vc_custom_1696245375023{margin-top: 20px !important;margin-bottom: 50px !important;}&#8221;][vc_column][vc_column_text] Poland [\/vc_column_text][vc_column_text] Results of the 2024 European elections &nbsp; List of Polish MEPs &nbsp; Results of the 2019 European elections &nbsp; Electoral Procedures for 2024 &gt; Election Dates : 9 June 2024 &gt; Number of MEPs:\u00a053 &gt; At what age can one vote?\u00a018 years &gt; At what age can [&hellip;]<\/p>\n","protected":false},"author":1,"featured_media":0,"parent":0,"menu_order":0,"comment_status":"closed","ping_status":"closed","template":"page-templates\/template-home.php","meta":{"_acf_changed":false,"footnotes":""},"class_list":["post-5190","page","type-page","status-publish","hentry"],"acf":[],"_links":{"self":[{"href":"https:\/\/www.electionseuropeennes.eu\/en\/wp-json\/wp\/v2\/pages\/5190","targetHints":{"allow":["GET"]}}],"collection":[{"href":"https:\/\/www.electionseuropeennes.eu\/en\/wp-json\/wp\/v2\/pages"}],"about":[{"href":"https:\/\/www.electionseuropeennes.eu\/en\/wp-json\/wp\/v2\/types\/page"}],"author":[{"embeddable":true,"href":"https:\/\/www.electionseuropeennes.eu\/en\/wp-json\/wp\/v2\/users\/1"}],"replies":[{"embeddable":true,"href":"https:\/\/www.electionseuropeennes.eu\/en\/wp-json\/wp\/v2\/comments?post=5190"}],"version-history":[{"count":19,"href":"https:\/\/www.electionseuropeennes.eu\/en\/wp-json\/wp\/v2\/pages\/5190\/revisions"}],"predecessor-version":[{"id":8066,"href":"https:\/\/www.electionseuropeennes.eu\/en\/wp-json\/wp\/v2\/pages\/5190\/revisions\/8066"}],"wp:attachment":[{"href":"https:\/\/www.electionseuropeennes.eu\/en\/wp-json\/wp\/v2\/media?parent=5190"}],"curies":[{"name":"wp","href":"https:\/\/api.w.org\/{rel}","templated":true}]}}