{"id":5222,"date":"2023-09-28T16:35:37","date_gmt":"2023-09-28T14:35:37","guid":{"rendered":"https:\/\/2024.electionseuropeennes.eu\/4412-2\/"},"modified":"2024-06-25T12:36:51","modified_gmt":"2024-06-25T10:36:51","slug":"latvia","status":"publish","type":"page","link":"https:\/\/www.electionseuropeennes.eu\/en\/latvia\/","title":{"rendered":"Latvia"},"content":{"rendered":"<section class=\"wpb-content-wrapper\"><p>[vc_row css=&#8221;.vc_custom_1696106262864{margin-top: 20px !important;}&#8221;][vc_column][vc_column_text]<\/p>\n<h1>Latvia<\/h1>\n<p>[\/vc_column_text][\/vc_column][\/vc_row][vc_row css=&#8221;.vc_custom_1696106274218{margin-bottom: 50px !important;}&#8221;][vc_column][vc_column_text]<\/p>\n<h2>Results of the 2024 European elections<\/h2>\n\n<table id=\"tablepress-233\" class=\"tablepress tablepress-id-233\">\n<thead>\n<tr class=\"row-1\">\n\t<th class=\"column-1\">Political Party<\/th><th class=\"column-2\">European affiliation<\/th><th class=\"column-3\">Number of votes<\/th><th class=\"column-4\">Percentage of votes<\/th><th class=\"column-5\">Number of seats<\/th><th class=\"column-6\">Trend compared to 2019<\/th>\n<\/tr>\n<\/thead>\n<tbody class=\"row-striping row-hover\">\n<tr class=\"row-2\">\n\t<td class=\"column-1\">Jaun\u0101 Vienot\u012bba (JV)<\/td><td class=\"column-2\">EPP<\/td><td class=\"column-3\">130 557<\/td><td class=\"column-4\">25.07%<\/td><td class=\"column-5\">2<\/td><td class=\"column-6\">=<\/td>\n<\/tr>\n<tr class=\"row-3\">\n\t<td class=\"column-1\">Nacion\u0101l\u0101 apvien\u012bba 'Visu Latvijai!'-'T\u0113vzemei un Br\u012bv\u012bbai\/LNNK' (NA)<\/td><td class=\"column-2\">ECR<\/td><td class=\"column-3\">114 853<\/td><td class=\"column-4\">22.08%<\/td><td class=\"column-5\">2<\/td><td class=\"column-6\">=<\/td>\n<\/tr>\n<tr class=\"row-4\">\n\t<td class=\"column-1\">Latvijas att\u012bst\u012bbai (LA)<\/td><td class=\"column-2\">Renew Europe<\/td><td class=\"column-3\">48 695<\/td><td class=\"column-4\">9.36%<\/td><td class=\"column-5\">1<\/td><td class=\"column-6\">Newcomer<\/td>\n<\/tr>\n<tr class=\"row-5\">\n\t<td class=\"column-1\">Coalition Apvienotais Saraksts (AS)<\/td><td class=\"column-2\">NI<\/td><td class=\"column-3\">42 551<\/td><td class=\"column-4\">8.18%<\/td><td class=\"column-5\">1<\/td><td class=\"column-6\">Newcomer<\/td>\n<\/tr>\n<tr class=\"row-6\">\n\t<td class=\"column-1\">Progres\u012bvie (P)<\/td><td class=\"column-2\">Greens\/EFA<\/td><td class=\"column-3\">38 751<\/td><td class=\"column-4\">7.42%<\/td><td class=\"column-5\">1<\/td><td class=\"column-6\">Newcomer<\/td>\n<\/tr>\n<tr class=\"row-7\">\n\t<td class=\"column-1\">Soci\u0101ldemokr\u0101tisk\u0101 partija 'Saska\u0146a' (S\/SDP)<\/td><td class=\"column-2\">S&amp;D<\/td><td class=\"column-3\">37 096<\/td><td class=\"column-4\">7.14%<\/td><td class=\"column-5\">1<\/td><td class=\"column-6\">\u2193 1<\/td>\n<\/tr>\n<tr class=\"row-8\">\n\t<td class=\"column-1\">Latvija pirmaj\u0101 viet\u0101 (LPV)<\/td><td class=\"column-2\">NI<\/td><td class=\"column-3\">32 034<\/td><td class=\"column-4\">6.16%<\/td><td class=\"column-5\">1<\/td><td class=\"column-6\">Newcomer<\/td>\n<\/tr>\n<\/tbody>\n<\/table>\n<!-- #tablepress-233 from cache -->\n<p>&nbsp;<\/p>\n<h2>List of Latvian MEPs<\/h2>\n\n<table id=\"tablepress-289\" class=\"tablepress tablepress-id-289\">\n<thead>\n<tr class=\"row-1\">\n\t<th class=\"column-1\">MEP<\/th><th class=\"column-2\">Gender<\/th><th class=\"column-3\">National party<\/th><th class=\"column-4\">Political group in the European Parliament<\/th>\n<\/tr>\n<\/thead>\n<tbody class=\"row-striping row-hover\">\n<tr class=\"row-2\">\n\t<td class=\"column-1\">Inese Vaidere<\/td><td class=\"column-2\">f<\/td><td class=\"column-3\">Jaun\u0101 Vienot\u012bba (JV)<\/td><td class=\"column-4\">EPP<\/td>\n<\/tr>\n<tr class=\"row-3\">\n\t<td class=\"column-1\">Sandra Kalniet\u00e9<\/td><td class=\"column-2\">f<\/td><td class=\"column-3\">JV<\/td><td class=\"column-4\">EPP<\/td>\n<\/tr>\n<tr class=\"row-4\">\n\t<td class=\"column-1\">Roberts Z\u012ble<\/td><td class=\"column-2\">m<\/td><td class=\"column-3\">Nacion\u0101l\u0101 apvien\u012bba 'Visu Latvijai!'-'T\u0113vzemei un Br\u012bv\u012bbai\/LNNK' (NA)<\/td><td class=\"column-4\">ECR<\/td>\n<\/tr>\n<tr class=\"row-5\">\n\t<td class=\"column-1\">Rihards Kols<\/td><td class=\"column-2\">m<\/td><td class=\"column-3\">NA<\/td><td class=\"column-4\">ECR<\/td>\n<\/tr>\n<tr class=\"row-6\">\n\t<td class=\"column-1\">Ivars Ijabs<\/td><td class=\"column-2\">m<\/td><td class=\"column-3\">Latvijas att\u012bst\u012bbai (LA)<\/td><td class=\"column-4\">Renew Europe<\/td>\n<\/tr>\n<tr class=\"row-7\">\n\t<td class=\"column-1\">Reinis Poz\u0146aks<\/td><td class=\"column-2\">m<\/td><td class=\"column-3\">Coalition Apvienotais Saraksts (AS)<\/td><td class=\"column-4\">N\/A<\/td>\n<\/tr>\n<tr class=\"row-8\">\n\t<td class=\"column-1\">Nils U\u0161akovs<\/td><td class=\"column-2\">m<\/td><td class=\"column-3\">Soci\u0101ldemokr\u0101tisk\u0101 partija 'Saska\u0146a' (S\/SDP)<\/td><td class=\"column-4\">S&amp;D<\/td>\n<\/tr>\n<tr class=\"row-9\">\n\t<td class=\"column-1\">M\u0101rti\u0146\u0161 Sta\u0137is<\/td><td class=\"column-2\">m<\/td><td class=\"column-3\">Progres\u012bvie (P)<\/td><td class=\"column-4\">Greens\/EFA<\/td>\n<\/tr>\n<tr class=\"row-10\">\n\t<td class=\"column-1\">Vilis Kri\u0161topans<\/td><td class=\"column-2\">m<\/td><td class=\"column-3\">Latvija pirmaj\u0101 viet\u0101 (LPV)<\/td><td class=\"column-4\">N\/A<\/td>\n<\/tr>\n<\/tbody>\n<\/table>\n<!-- #tablepress-289 from cache -->\n<div class=\"part\">\n<p>&nbsp;<\/p>\n<\/div>\n<h2>Results of the 2019 European elections<\/h2>\n\n<table id=\"tablepress-51\" class=\"tablepress tablepress-id-51\">\n<thead>\n<tr class=\"row-1\">\n\t<th class=\"column-1\">Political Parties<\/th><th class=\"column-2\">European affiliation<\/th><th class=\"column-3\">Number of votes<\/th><th class=\"column-4\">Percentage of votes<\/th><th class=\"column-5\">Number of seats<\/th><th class=\"column-6\">Trend compared with 2014<\/th>\n<\/tr>\n<\/thead>\n<tbody class=\"row-striping row-hover\">\n<tr class=\"row-2\">\n\t<td class=\"column-1\">New Unity\t<\/td><td class=\"column-2\">EPP<\/td><td class=\"column-3\">124 193<\/td><td class=\"column-4\">26.24 %<\/td><td class=\"column-5\">2<\/td><td class=\"column-6\">\u2193<\/td>\n<\/tr>\n<tr class=\"row-3\">\n\t<td class=\"column-1\">Social Democratic Party \"Harmony\"\t<\/td><td class=\"column-2\">S&amp;D<\/td><td class=\"column-3\">82 604<\/td><td class=\"column-4\">17.45 %<\/td><td class=\"column-5\">2<\/td><td class=\"column-6\">\u2191<\/td>\n<\/tr>\n<tr class=\"row-4\">\n\t<td class=\"column-1\">National Alliance \"All for Latvia!\" - For Fatherland and Freedom\t<\/td><td class=\"column-2\">ECR<\/td><td class=\"column-3\">77 591<\/td><td class=\"column-4\">16.40 %<\/td><td class=\"column-5\">2<\/td><td class=\"column-6\">\u2191<\/td>\n<\/tr>\n<tr class=\"row-5\">\n\t<td class=\"column-1\">Development\/For!\t<\/td><td class=\"column-2\"><\/td><td class=\"column-3\">58 763<\/td><td class=\"column-4\">12.42 %<\/td><td class=\"column-5\">1<\/td><td class=\"column-6\">New<\/td>\n<\/tr>\n<tr class=\"row-6\">\n\t<td class=\"column-1\">Latvian Russian Union\t<\/td><td class=\"column-2\">Greens\/EFA<\/td><td class=\"column-3\">29 546<\/td><td class=\"column-4\">6.24 %<\/td><td class=\"column-5\">1<\/td><td class=\"column-6\">=<\/td>\n<\/tr>\n<\/tbody>\n<\/table>\n<!-- #tablepress-51 from cache -->\n<p>&nbsp;<\/p>\n<div class=\"part\">\n<h2>Electoral Procedures for 2024<\/h2>\n<p><strong>Election Dates :<\/strong> 8 June 2024<br \/>\n<span style=\"color: #003399;\">&gt;<\/span> <strong>Number of MEPs :<\/strong> 9<br \/>\n<span style=\"color: #003399;\">&gt;<\/span> <strong>At what age can one vote?<\/strong>\u00a018 years<br \/>\n<span style=\"color: #003399;\">&gt;<\/span> <strong>At what age can one be elected?<\/strong> 21 years<br \/>\n<span style=\"color: #003399;\">&gt;<\/span> <strong>Who can vote?<\/strong>\u00a0European citizens living in Latvia<\/p>\n<p>&nbsp;<\/p>\n<\/div>\n<div class=\"part\">\n<h2>Electoral rules<\/h2>\n<p><strong>Voting method :<\/strong>\u00a0Preferential vote<br \/>\n<span style=\"color: #003399;\">&gt;<\/span> <strong>Means for attributing seats :<\/strong>\u00a0Sainte-Lagu\u00eb Method<br \/>\n<span style=\"color: #003399;\">&gt;<\/span> <strong>Can candidates be chosen from a list?<\/strong> Yes<\/p>\n<p>&nbsp;<\/p>\n<\/div>\n<div class=\"part\">\n<h2>Institutions and political situation<\/h2>\n<p>Democratic parliamentary republic<br \/>\n\u2013\u00a0<strong>Head of State :<\/strong> Egils Levits<br \/>\n\u2013\u00a0<strong>Prime Minister : <\/strong>Evika Sili\u0146a<\/p>\n<\/div>\n<div class=\"part\">\n<h2>Economy<\/h2>\n<p><span style=\"color: #003399;\">&gt;<\/span> <strong>Currency :<\/strong> Euro<br \/>\n<span style=\"color: #003399;\">&gt;<\/span> <strong>GDP :<\/strong> \u20ac39 062 million (2022)<br \/>\n<span style=\"color: #003399;\">&gt;<\/span> <strong>GDP per capita (PPS) :<\/strong> \u20ac13 320 (2022)<br \/>\n<span style=\"color: #003399;\">&gt;<\/span> <strong>GDP Growth :<\/strong> 1.4% (2023)<br \/>\n<span style=\"color: #003399;\">&gt;<\/span> <strong>Unemployment:<\/strong> 6.4% (July 2023)<br \/>\n<span style=\"color: #003399;\">&gt;<\/span> <strong>Inflation :<\/strong> 3.3% (September 2023)<br \/>\n<span style=\"color: #003399;\">&gt;<\/span> <strong>Public Debt :<\/strong> 40.8% of GDP (December 2022)<\/p>\n<p>&nbsp;<\/p>\n<\/div>\n<div class=\"part\">\n<div class=\"part\">\n<h2 class=\"part\">Geography and population<\/h2>\n<div class=\"part\">\u2013\u00a0<strong>Surface Area :<\/strong>\u00a064 589 km\u00b2 (source : The CIA World Factbook)<br \/>\n\u2013 1.8 million inhabitants (2023 est.)<\/div>\n<p>&nbsp;<\/p>\n<div class=\"part\">\n<h2>Printable version<\/h2>\n<\/div>\n<\/div>\n<\/div>\n<div class=\"part\">\n<figure id=\"attachment_7805\" aria-describedby=\"caption-attachment-7805\" style=\"width: 217px\" class=\"wp-caption alignnone\"><a href=\"https:\/\/server.www.robert-schuman.eu\/storage\/en\/dossiers-pedagogiques\/connaitre-europe\/carte\/lettonie.pdf\" target=\"_blank\" rel=\"noopener\"><img loading=\"lazy\" decoding=\"async\" class=\"wp-image-7805 size-medium\" src=\"https:\/\/www.electionseuropeennes.eu\/wp-content\/uploads\/2024\/06\/Screenshot-2024-06-17-at-17.13.36-217x300.png\" alt=\"\" width=\"217\" height=\"300\" srcset=\"https:\/\/www.electionseuropeennes.eu\/wp-content\/uploads\/2024\/06\/Screenshot-2024-06-17-at-17.13.36-217x300.png 217w, https:\/\/www.electionseuropeennes.eu\/wp-content\/uploads\/2024\/06\/Screenshot-2024-06-17-at-17.13.36-742x1024.png 742w, https:\/\/www.electionseuropeennes.eu\/wp-content\/uploads\/2024\/06\/Screenshot-2024-06-17-at-17.13.36-768x1060.png 768w, https:\/\/www.electionseuropeennes.eu\/wp-content\/uploads\/2024\/06\/Screenshot-2024-06-17-at-17.13.36-1113x1536.png 1113w, https:\/\/www.electionseuropeennes.eu\/wp-content\/uploads\/2024\/06\/Screenshot-2024-06-17-at-17.13.36-69x95.png 69w, https:\/\/www.electionseuropeennes.eu\/wp-content\/uploads\/2024\/06\/Screenshot-2024-06-17-at-17.13.36.png 1114w\" sizes=\"auto, (max-width: 217px) 100vw, 217px\" \/><\/a><figcaption id=\"caption-attachment-7805\" class=\"wp-caption-text\">Download PDF file<\/figcaption><\/figure>\n<\/div>\n<p>[\/vc_column_text][\/vc_column][\/vc_row]<\/p>\n<\/section>","protected":false},"excerpt":{"rendered":"<p>[vc_row css=&#8221;.vc_custom_1696106262864{margin-top: 20px !important;}&#8221;][vc_column][vc_column_text] Latvia [\/vc_column_text][\/vc_column][\/vc_row][vc_row css=&#8221;.vc_custom_1696106274218{margin-bottom: 50px !important;}&#8221;][vc_column][vc_column_text] Results of the 2024 European elections &nbsp; List of Latvian MEPs &nbsp; Results of the 2019 European elections &nbsp; Electoral Procedures for 2024 Election Dates : 8 June 2024 &gt; Number of MEPs : 9 &gt; At what age can one vote?\u00a018 years &gt; At what [&hellip;]<\/p>\n","protected":false},"author":1,"featured_media":0,"parent":0,"menu_order":0,"comment_status":"closed","ping_status":"closed","template":"page-templates\/template-home.php","meta":{"_acf_changed":false,"footnotes":""},"class_list":["post-5222","page","type-page","status-publish","hentry"],"acf":[],"_links":{"self":[{"href":"https:\/\/www.electionseuropeennes.eu\/en\/wp-json\/wp\/v2\/pages\/5222","targetHints":{"allow":["GET"]}}],"collection":[{"href":"https:\/\/www.electionseuropeennes.eu\/en\/wp-json\/wp\/v2\/pages"}],"about":[{"href":"https:\/\/www.electionseuropeennes.eu\/en\/wp-json\/wp\/v2\/types\/page"}],"author":[{"embeddable":true,"href":"https:\/\/www.electionseuropeennes.eu\/en\/wp-json\/wp\/v2\/users\/1"}],"replies":[{"embeddable":true,"href":"https:\/\/www.electionseuropeennes.eu\/en\/wp-json\/wp\/v2\/comments?post=5222"}],"version-history":[{"count":14,"href":"https:\/\/www.electionseuropeennes.eu\/en\/wp-json\/wp\/v2\/pages\/5222\/revisions"}],"predecessor-version":[{"id":8059,"href":"https:\/\/www.electionseuropeennes.eu\/en\/wp-json\/wp\/v2\/pages\/5222\/revisions\/8059"}],"wp:attachment":[{"href":"https:\/\/www.electionseuropeennes.eu\/en\/wp-json\/wp\/v2\/media?parent=5222"}],"curies":[{"name":"wp","href":"https:\/\/api.w.org\/{rel}","templated":true}]}}