{"id":5275,"date":"2023-09-28T18:01:39","date_gmt":"2023-09-28T16:01:39","guid":{"rendered":"https:\/\/2024.electionseuropeennes.eu\/slovaquie\/"},"modified":"2024-06-25T12:45:18","modified_gmt":"2024-06-25T10:45:18","slug":"slovakia","status":"publish","type":"page","link":"https:\/\/www.electionseuropeennes.eu\/en\/slovakia\/","title":{"rendered":"Slovakia"},"content":{"rendered":"<section class=\"wpb-content-wrapper\"><p>[vc_row css=&#8221;.vc_custom_1696152461391{margin-top: 20px !important;margin-bottom: 50px !important;}&#8221;][vc_column][vc_column_text]<\/p>\n<h1>Slovakia<\/h1>\n<p>[\/vc_column_text][vc_column_text]<\/p>\n<h2>Results of the 2024 European elections<\/h2>\n\n<table id=\"tablepress-242\" class=\"tablepress tablepress-id-242\">\n<thead>\n<tr class=\"row-1\">\n\t<th class=\"column-1\">Political Party<\/th><th class=\"column-2\">European affiliation<\/th><th class=\"column-3\">Number of votes<\/th><th class=\"column-4\">Percentage of votes<\/th><th class=\"column-5\">Number of seats<\/th><th class=\"column-6\">Trend compared to 2019<\/th>\n<\/tr>\n<\/thead>\n<tbody class=\"row-striping row-hover\">\n<tr class=\"row-2\">\n\t<td class=\"column-1\">PS - Progres\u00edvne Slovensko<\/td><td class=\"column-2\">Renew Europe<\/td><td class=\"column-3\">410 844<\/td><td class=\"column-4\">27.81%<\/td><td class=\"column-5\">6<\/td><td class=\"column-6\">\u2191 4<\/td>\n<\/tr>\n<tr class=\"row-3\">\n\t<td class=\"column-1\">Smer - Smer \u2013 soci\u00e1lna demokracia<\/td><td class=\"column-2\">NI<\/td><td class=\"column-3\">365 794<\/td><td class=\"column-4\">24.76%<\/td><td class=\"column-5\">5<\/td><td class=\"column-6\">\u2191 3<\/td>\n<\/tr>\n<tr class=\"row-4\">\n\t<td class=\"column-1\">Republika - Republika<\/td><td class=\"column-2\">NI<\/td><td class=\"column-3\">185 137<\/td><td class=\"column-4\">12.53%<\/td><td class=\"column-5\">2<\/td><td class=\"column-6\">Newcomer<\/td>\n<\/tr>\n<tr class=\"row-5\">\n\t<td class=\"column-1\">Hlas - Hlas \u2013 soci\u00e1lna demokracia<\/td><td class=\"column-2\">NI<\/td><td class=\"column-3\">106 076<\/td><td class=\"column-4\">7.18%<\/td><td class=\"column-5\">1<\/td><td class=\"column-6\">Newcomer<\/td>\n<\/tr>\n<tr class=\"row-6\">\n\t<td class=\"column-1\">KDH - Kres\u0165anskodemokratick\u00e9 hnutie<\/td><td class=\"column-2\">EPP<\/td><td class=\"column-3\">105 602<\/td><td class=\"column-4\">7.14%<\/td><td class=\"column-5\">1<\/td><td class=\"column-6\">=<\/td>\n<\/tr>\n<\/tbody>\n<\/table>\n<!-- #tablepress-242 from cache -->\n<p>&nbsp;<\/p>\n<h2>List of Slovak MEPs<\/h2>\n<div id=\"tablepress-170_wrapper\" class=\"dataTables_wrapper no-footer\">\n<div id=\"tablepress-182_wrapper\" class=\"dataTables_wrapper no-footer\">\n<table id=\"tablepress-298\" class=\"tablepress tablepress-id-298\">\n<thead>\n<tr class=\"row-1\">\n\t<th class=\"column-1\">MEP<\/th><th class=\"column-2\">Gender<\/th><th class=\"column-3\">National party<\/th><th class=\"column-4\">Political group in the European Parliament<\/th>\n<\/tr>\n<\/thead>\n<tbody class=\"row-striping row-hover\">\n<tr class=\"row-2\">\n\t<td class=\"column-1\">Veronika Cifrov\u00e1 Ostriho\u0148ov\u00e1<\/td><td class=\"column-2\">f<\/td><td class=\"column-3\">Progres\u00edvne Slovensko<\/td><td class=\"column-4\">Renew Europe<\/td>\n<\/tr>\n<tr class=\"row-3\">\n\t<td class=\"column-1\">Martin Hojs\u00edk<\/td><td class=\"column-2\">m<\/td><td class=\"column-3\">Progres\u00edvne Slovensko<\/td><td class=\"column-4\">Renew Europe<\/td>\n<\/tr>\n<tr class=\"row-4\">\n\t<td class=\"column-1\">\u013dubica Karva\u0161ov\u00e1<\/td><td class=\"column-2\">f<\/td><td class=\"column-3\">Progres\u00edvne Slovensko<\/td><td class=\"column-4\">Renew Europe<\/td>\n<\/tr>\n<tr class=\"row-5\">\n\t<td class=\"column-1\">\u013dudov\u00edt \u00d3dor<\/td><td class=\"column-2\">m<\/td><td class=\"column-3\">Progres\u00edvne Slovensko<\/td><td class=\"column-4\">Renew Europe<\/td>\n<\/tr>\n<tr class=\"row-6\">\n\t<td class=\"column-1\">Michal Wiezik<\/td><td class=\"column-2\">m<\/td><td class=\"column-3\">Progres\u00edvne Slovensko<\/td><td class=\"column-4\">Renew Europe<\/td>\n<\/tr>\n<tr class=\"row-7\">\n\t<td class=\"column-1\">Lucia Yar<\/td><td class=\"column-2\">f<\/td><td class=\"column-3\">Progres\u00edvne Slovensko<\/td><td class=\"column-4\">Renew Europe<\/td>\n<\/tr>\n<tr class=\"row-8\">\n\t<td class=\"column-1\">Monika Be\u0148ov\u00e1<\/td><td class=\"column-2\">f<\/td><td class=\"column-3\">Smer \u2013 soci\u00e1lna demokracia<\/td><td class=\"column-4\">N-I<\/td>\n<\/tr>\n<tr class=\"row-9\">\n\t<td class=\"column-1\">\u013dubo\u0161 Blaha<\/td><td class=\"column-2\">m<\/td><td class=\"column-3\">Smer \u2013 soci\u00e1lna demokracia<\/td><td class=\"column-4\">N-I<\/td>\n<\/tr>\n<tr class=\"row-10\">\n\t<td class=\"column-1\">Erik Kali\u0148\u00e1k<\/td><td class=\"column-2\">m<\/td><td class=\"column-3\">Smer \u2013 soci\u00e1lna demokracia<\/td><td class=\"column-4\">N-I<\/td>\n<\/tr>\n<tr class=\"row-11\">\n\t<td class=\"column-1\">Judita La\u0161\u0161\u00e1kov\u00e1<\/td><td class=\"column-2\">f<\/td><td class=\"column-3\">Smer \u2013 soci\u00e1lna demokracia<\/td><td class=\"column-4\">N-I<\/td>\n<\/tr>\n<tr class=\"row-12\">\n\t<td class=\"column-1\">Katar\u00edna Roth Neve\u010faalov\u00e1<\/td><td class=\"column-2\">f<\/td><td class=\"column-3\">Smer \u2013 soci\u00e1lna demokracia<\/td><td class=\"column-4\">N-I<\/td>\n<\/tr>\n<tr class=\"row-13\">\n\t<td class=\"column-1\">Milan Mazurek<\/td><td class=\"column-2\">m<\/td><td class=\"column-3\">Republika<\/td><td class=\"column-4\">N-I<\/td>\n<\/tr>\n<tr class=\"row-14\">\n\t<td class=\"column-1\">Milan Uhr\u00edk<\/td><td class=\"column-2\">m<\/td><td class=\"column-3\">Republika<\/td><td class=\"column-4\">ESN<\/td>\n<\/tr>\n<tr class=\"row-15\">\n\t<td class=\"column-1\">Miriam Lexmann<\/td><td class=\"column-2\">f<\/td><td class=\"column-3\">KDH Kres\u0165anskodemokratick\u00e9 hnutie<\/td><td class=\"column-4\">EPP<\/td>\n<\/tr>\n<tr class=\"row-16\">\n\t<td class=\"column-1\">Branislav Ondru\u0161<\/td><td class=\"column-2\">m<\/td><td class=\"column-3\">Hlas \u2013 soci\u00e1lna demokracia<\/td><td class=\"column-4\">N-I<\/td>\n<\/tr>\n<\/tbody>\n<\/table>\n<!-- #tablepress-298 from cache --><\/div>\n<div>\n<p>&nbsp;<\/p>\n<\/div>\n<\/div>\n<h2>Results of the 2019 European elections<\/h2>\n\n<table id=\"tablepress-55\" class=\"tablepress tablepress-id-55\">\n<thead>\n<tr class=\"row-1\">\n\t<th class=\"column-1\">Political Parties<\/th><th class=\"column-2\">European affiliation<\/th><th class=\"column-3\">Number of votes<\/th><th class=\"column-4\">Percentage of votes <\/th><th class=\"column-5\">Number of seats<\/th><th class=\"column-6\">Trend compared with 2014<\/th>\n<\/tr>\n<\/thead>\n<tbody class=\"row-striping row-hover\">\n<tr class=\"row-2\">\n\t<td class=\"column-1\">Coalition Progressive Slovakia and TOTAL - Civil Democracy<\/td><td class=\"column-2\">EPP &amp; Renew Europe<\/td><td class=\"column-3\">198 255<\/td><td class=\"column-4\">20.11%<\/td><td class=\"column-5\">4<\/td><td class=\"column-6\"><\/td>\n<\/tr>\n<tr class=\"row-3\">\n\t<td class=\"column-1\">Direction - Social Democracy<\/td><td class=\"column-2\">S&amp;D<\/td><td class=\"column-3\">154 996\t<\/td><td class=\"column-4\">15.72%<\/td><td class=\"column-5\">3<\/td><td class=\"column-6\">\u2193<\/td>\n<\/tr>\n<tr class=\"row-4\">\n\t<td class=\"column-1\">People's Party - Our Slovakia<\/td><td class=\"column-2\">EFDD<\/td><td class=\"column-3\">118 995<\/td><td class=\"column-4\">12.07%<\/td><td class=\"column-5\">2<\/td><td class=\"column-6\"><\/td>\n<\/tr>\n<tr class=\"row-5\">\n\t<td class=\"column-1\">Freedom and Solidarity<\/td><td class=\"column-2\">ECR<\/td><td class=\"column-3\">94 839\t<\/td><td class=\"column-4\">9.62%<\/td><td class=\"column-5\">2<\/td><td class=\"column-6\">\u2191<\/td>\n<\/tr>\n<tr class=\"row-6\">\n\t<td class=\"column-1\">Christian Democratic Movement<\/td><td class=\"column-2\">EPP<\/td><td class=\"column-3\">95 588<\/td><td class=\"column-4\">9.69%<\/td><td class=\"column-5\">1<\/td><td class=\"column-6\">\u2193<\/td>\n<\/tr>\n<tr class=\"row-7\">\n\t<td class=\"column-1\">Ordinary People and Independent Personalities (OL'aNO)<\/td><td class=\"column-2\">ECR<\/td><td class=\"column-3\">51 834<\/td><td class=\"column-4\">5.25%<\/td><td class=\"column-5\">1<\/td><td class=\"column-6\">\u2193<\/td>\n<\/tr>\n<\/tbody>\n<\/table>\n<!-- #tablepress-55 from cache -->\n<p>&nbsp;<\/p>\n<div class=\"part\">\n<h2 class=\"part\">Electoral Procedures for 2024<\/h2>\n<div class=\"part\">\n<p><span style=\"color: #003399;\">&gt;<\/span> <strong>Election Dates :<\/strong> 8 June 2024<br \/>\n<span style=\"color: #003399;\">&gt;<\/span> <strong>Number of MEPs:<\/strong> 15<br \/>\n<span style=\"color: #003399;\">&gt;<\/span> <strong>At what age can one vote?<\/strong>\u00a018 years<br \/>\n<span style=\"color: #003399;\">&gt;<\/span> <strong>At what age can one be elected?<\/strong>\u00a021 years<br \/>\n<span style=\"color: #003399;\">&gt;<\/span> <strong>Who can vote?<\/strong> European citizens living in Slovakia<\/p>\n<\/div>\n<p>&nbsp;<\/p>\n<\/div>\n<div class=\"part\">\n<div class=\"part\">\n<div class=\"part\">\n<h2>Electoral rules<\/h2>\n<p><span style=\"color: #003399;\">&gt;<\/span> <strong>Voting method :<\/strong>\u00a0Preferential vote<br \/>\n<span style=\"color: #003399;\">&gt;<\/span> <strong>Means for attributing seats :<\/strong>\u00a0D\u2019Hagenbach- Bischoff Method<br \/>\n<span style=\"color: #003399;\">&gt;<\/span> <strong>Can candidates be chosen from a list?<\/strong>\u00a0Yes<\/p>\n<\/div>\n<\/div>\n<\/div>\n<div class=\"part\">\n<p>&nbsp;<\/p>\n<\/div>\n<div class=\"part\">\n<div class=\"part\">\n<h2>Institutions and political situation<\/h2>\n<p>Democratic parliamentary republic<br \/>\n\u2013\u00a0<strong>Head of State :<\/strong> Zuzana Caputova<br \/>\n\u2013\u00a0<strong>Prime Minister :<\/strong> Robert Fico<\/p>\n<p>&nbsp;<\/p>\n<\/div>\n<\/div>\n<div class=\"part\">\n<div class=\"part\">\n<h2>Economy<\/h2>\n<p><strong>Currency :<\/strong>\u00a0Euro<br \/>\n<span style=\"color: #003399;\">&gt;<\/span> <strong>GDP :<\/strong> \u20ac109 651 million (2022)<br \/>\n<span style=\"color: #003399;\">&gt;<\/span> <strong>GDP per capita (PPS) :<\/strong> \u20ac 16 300 (2022)<br \/>\n<span style=\"color: #003399;\">&gt;<\/span> <strong>GDP Growth :<\/strong> 0.4% (July 2023)<br \/>\n<span style=\"color: #003399;\">&gt;<\/span> <strong>Unemployment:<\/strong> 5.2% (September 2023)<br \/>\n<span style=\"color: #003399;\">&gt;<\/span> <strong>Inflation :<\/strong> 8.2% (September 2023)<br \/>\n<span style=\"color: #003399;\">&gt;<\/span> <strong>Public Debt :<\/strong> 57.8% of GDP (2022)<\/p>\n<p>&nbsp;<\/p>\n<div class=\"part\">\n<h2>Geography and population<\/h2>\n<p><strong>Surface Area:<\/strong>\u00a049,035 km\u00b2<\/p>\n<p><strong>Population:<\/strong> 5.4 million inhabitants (2023)<\/p>\n<p>&nbsp;<\/p>\n<\/div>\n<\/div>\n<\/div>\n<div class=\"part\">\n<h2>Printable version<\/h2>\n<\/div>\n<figure id=\"attachment_7828\" aria-describedby=\"caption-attachment-7828\" style=\"width: 219px\" class=\"wp-caption alignnone\"><a href=\"https:\/\/server.www.robert-schuman.eu\/storage\/en\/dossiers-pedagogiques\/connaitre-europe\/carte\/slovaquie.pdf\" target=\"_blank\" rel=\"noopener\"><img loading=\"lazy\" decoding=\"async\" class=\"wp-image-7828 size-medium\" src=\"https:\/\/www.electionseuropeennes.eu\/wp-content\/uploads\/2024\/06\/Screenshot-2024-06-17-at-17.23.36-219x300.png\" alt=\"\" width=\"219\" height=\"300\" srcset=\"https:\/\/www.electionseuropeennes.eu\/wp-content\/uploads\/2024\/06\/Screenshot-2024-06-17-at-17.23.36-219x300.png 219w, https:\/\/www.electionseuropeennes.eu\/wp-content\/uploads\/2024\/06\/Screenshot-2024-06-17-at-17.23.36-748x1024.png 748w, https:\/\/www.electionseuropeennes.eu\/wp-content\/uploads\/2024\/06\/Screenshot-2024-06-17-at-17.23.36-768x1052.png 768w, https:\/\/www.electionseuropeennes.eu\/wp-content\/uploads\/2024\/06\/Screenshot-2024-06-17-at-17.23.36-69x95.png 69w, https:\/\/www.electionseuropeennes.eu\/wp-content\/uploads\/2024\/06\/Screenshot-2024-06-17-at-17.23.36.png 1110w\" sizes=\"auto, (max-width: 219px) 100vw, 219px\" \/><\/a><figcaption id=\"caption-attachment-7828\" class=\"wp-caption-text\">Download PDF file<\/figcaption><\/figure>\n<p>[\/vc_column_text][\/vc_column][\/vc_row]<\/p>\n<\/section>","protected":false},"excerpt":{"rendered":"<p>[vc_row css=&#8221;.vc_custom_1696152461391{margin-top: 20px !important;margin-bottom: 50px !important;}&#8221;][vc_column][vc_column_text] Slovakia [\/vc_column_text][vc_column_text] Results of the 2024 European elections &nbsp; List of Slovak MEPs &nbsp; Results of the 2019 European elections &nbsp; Electoral Procedures for 2024 &gt; Election Dates : 8 June 2024 &gt; Number of MEPs: 15 &gt; At what age can one vote?\u00a018 years &gt; At what age [&hellip;]<\/p>\n","protected":false},"author":1,"featured_media":0,"parent":0,"menu_order":0,"comment_status":"closed","ping_status":"closed","template":"page-templates\/template-home.php","meta":{"_acf_changed":false,"footnotes":""},"class_list":["post-5275","page","type-page","status-publish","hentry"],"acf":[],"_links":{"self":[{"href":"https:\/\/www.electionseuropeennes.eu\/en\/wp-json\/wp\/v2\/pages\/5275","targetHints":{"allow":["GET"]}}],"collection":[{"href":"https:\/\/www.electionseuropeennes.eu\/en\/wp-json\/wp\/v2\/pages"}],"about":[{"href":"https:\/\/www.electionseuropeennes.eu\/en\/wp-json\/wp\/v2\/types\/page"}],"author":[{"embeddable":true,"href":"https:\/\/www.electionseuropeennes.eu\/en\/wp-json\/wp\/v2\/users\/1"}],"replies":[{"embeddable":true,"href":"https:\/\/www.electionseuropeennes.eu\/en\/wp-json\/wp\/v2\/comments?post=5275"}],"version-history":[{"count":14,"href":"https:\/\/www.electionseuropeennes.eu\/en\/wp-json\/wp\/v2\/pages\/5275\/revisions"}],"predecessor-version":[{"id":8069,"href":"https:\/\/www.electionseuropeennes.eu\/en\/wp-json\/wp\/v2\/pages\/5275\/revisions\/8069"}],"wp:attachment":[{"href":"https:\/\/www.electionseuropeennes.eu\/en\/wp-json\/wp\/v2\/media?parent=5275"}],"curies":[{"name":"wp","href":"https:\/\/api.w.org\/{rel}","templated":true}]}}