{"id":5347,"date":"2023-09-29T12:10:00","date_gmt":"2023-09-29T10:10:00","guid":{"rendered":"https:\/\/2024.electionseuropeennes.eu\/pays-bas\/"},"modified":"2024-06-25T12:40:11","modified_gmt":"2024-06-25T10:40:11","slug":"netherlands","status":"publish","type":"page","link":"https:\/\/www.electionseuropeennes.eu\/en\/netherlands\/","title":{"rendered":"Netherlands"},"content":{"rendered":"<section class=\"wpb-content-wrapper\"><p>[vc_row css=&#8221;.vc_custom_1696150543952{margin-top: 20px !important;margin-bottom: 50px !important;}&#8221;][vc_column][vc_column_text]<\/p>\n<h1>Netherlands<\/h1>\n<p>[\/vc_column_text][vc_column_text]<\/p>\n<div class=\"part\">\n<h2>Results of the 2024 European elections<\/h2>\n<\/div>\n\n<table id=\"tablepress-237\" class=\"tablepress tablepress-id-237\">\n<thead>\n<tr class=\"row-1\">\n\t<th class=\"column-1\">Political Party<\/th><th class=\"column-2\">European affiliation<\/th><th class=\"column-3\">Number of votes<\/th><th class=\"column-4\">Percentage of votes<\/th><th class=\"column-5\">Number of seats<\/th><th class=\"column-6\">Trend compared to 2019<\/th>\n<\/tr>\n<\/thead>\n<tbody class=\"row-striping row-hover\">\n<tr class=\"row-2\">\n\t<td class=\"column-1\">GL - PvdA - Coalition GL - PvdA (GroenLinks, PvdA)<\/td><td class=\"column-2\">S&amp;D - Greens\/EFA<\/td><td class=\"column-3\">1 313 384<\/td><td class=\"column-4\">21.1%<\/td><td class=\"column-5\">4 - 4<\/td><td class=\"column-6\">\u2193 1<\/td>\n<\/tr>\n<tr class=\"row-3\">\n\t<td class=\"column-1\">PVV - Partij voor de Vrijheid<\/td><td class=\"column-2\">ID<\/td><td class=\"column-3\">1 056 316<\/td><td class=\"column-4\">17%<\/td><td class=\"column-5\">6<\/td><td class=\"column-6\">\u2191 5<\/td>\n<\/tr>\n<tr class=\"row-4\">\n\t<td class=\"column-1\">VVD - Volkspartij voor Vrijheid en Democratie<\/td><td class=\"column-2\">Renew Europe<\/td><td class=\"column-3\">706 447<\/td><td class=\"column-4\">11.3%<\/td><td class=\"column-5\">4<\/td><td class=\"column-6\">\u2193 1<\/td>\n<\/tr>\n<tr class=\"row-5\">\n\t<td class=\"column-1\">CDA - Christen-Democratisch App\u00e8l<\/td><td class=\"column-2\">EPP<\/td><td class=\"column-3\">588 617<\/td><td class=\"column-4\">9.5%<\/td><td class=\"column-5\">3<\/td><td class=\"column-6\">\u2193 1<\/td>\n<\/tr>\n<tr class=\"row-6\">\n\t<td class=\"column-1\">D66 - Democraten 66<\/td><td class=\"column-2\">Renew Europe<\/td><td class=\"column-3\">522 815<\/td><td class=\"column-4\">8.4%<\/td><td class=\"column-5\">3<\/td><td class=\"column-6\">\u2191 1<\/td>\n<\/tr>\n<tr class=\"row-7\">\n\t<td class=\"column-1\">BBB - BoerBurgerBeweging<\/td><td class=\"column-2\">EPP<\/td><td class=\"column-3\">336 316<\/td><td class=\"column-4\">5.4%<\/td><td class=\"column-5\">2<\/td><td class=\"column-6\">Newcomer<\/td>\n<\/tr>\n<tr class=\"row-8\">\n\t<td class=\"column-1\">Volt - Volt Nederland<\/td><td class=\"column-2\">NI<\/td><td class=\"column-3\">319 238<\/td><td class=\"column-4\">5.1%<\/td><td class=\"column-5\">2<\/td><td class=\"column-6\">Newcomer<\/td>\n<\/tr>\n<tr class=\"row-9\">\n\t<td class=\"column-1\">PvdD - Partij voor de Dieren<\/td><td class=\"column-2\">GUE\/NGL<\/td><td class=\"column-3\">281 462<\/td><td class=\"column-4\">4.5%<\/td><td class=\"column-5\">1<\/td><td class=\"column-6\">=<\/td>\n<\/tr>\n<tr class=\"row-10\">\n\t<td class=\"column-1\">NSC - Nieuw Sociaal Contract<\/td><td class=\"column-2\">EPP<\/td><td class=\"column-3\">233 275<\/td><td class=\"column-4\">3.7%<\/td><td class=\"column-5\">1<\/td><td class=\"column-6\">Newcomer<\/td>\n<\/tr>\n<tr class=\"row-11\">\n\t<td class=\"column-1\">SGP - Staatkundig Gereformeerde Partij<\/td><td class=\"column-2\">ECR<\/td><td class=\"column-3\">227 610<\/td><td class=\"column-4\">3.7%<\/td><td class=\"column-5\">1<\/td><td class=\"column-6\">=<\/td>\n<\/tr>\n<\/tbody>\n<\/table>\n<!-- #tablepress-237 from cache -->\n<p>&nbsp;<\/p>\n<h2>List of Dutch MEPs<\/h2>\n<div id=\"tablepress-137_wrapper\" class=\"dataTables_wrapper no-footer\">\n\n<table id=\"tablepress-293\" class=\"tablepress tablepress-id-293\">\n<thead>\n<tr class=\"row-1\">\n\t<th class=\"column-1\">MEP<\/th><th class=\"column-2\">Gender<\/th><th class=\"column-3\">National party<\/th><th class=\"column-4\">Political group in the European Parliament<\/th>\n<\/tr>\n<\/thead>\n<tbody class=\"row-striping row-hover\">\n<tr class=\"row-2\">\n\t<td class=\"column-1\">Mohammed Chahim<\/td><td class=\"column-2\">m<\/td><td class=\"column-3\">Partij van de Arbeid (PvdA)<\/td><td class=\"column-4\">S&amp;D<\/td>\n<\/tr>\n<tr class=\"row-3\">\n\t<td class=\"column-1\">Marit Maij<\/td><td class=\"column-2\">f<\/td><td class=\"column-3\">PvdA<\/td><td class=\"column-4\">S&amp;D<\/td>\n<\/tr>\n<tr class=\"row-4\">\n\t<td class=\"column-1\">Thijs Reuten<\/td><td class=\"column-2\">m<\/td><td class=\"column-3\">PvdA<\/td><td class=\"column-4\">S&amp;D<\/td>\n<\/tr>\n<tr class=\"row-5\">\n\t<td class=\"column-1\">Lara Wolters<\/td><td class=\"column-2\">f<\/td><td class=\"column-3\">PvdA<\/td><td class=\"column-4\">S&amp;D<\/td>\n<\/tr>\n<tr class=\"row-6\">\n\t<td class=\"column-1\">Bas Eickhout<\/td><td class=\"column-2\">m<\/td><td class=\"column-3\">GroenLinks<\/td><td class=\"column-4\">Greens\/EFA<\/td>\n<\/tr>\n<tr class=\"row-7\">\n\t<td class=\"column-1\">Kim van Sparrentak<\/td><td class=\"column-2\">f<\/td><td class=\"column-3\">GroenLinks<\/td><td class=\"column-4\">Greens\/EFA<\/td>\n<\/tr>\n<tr class=\"row-8\">\n\t<td class=\"column-1\">Tineke Strik<\/td><td class=\"column-2\">f<\/td><td class=\"column-3\">GroenLinks<\/td><td class=\"column-4\">Greens\/EFA<\/td>\n<\/tr>\n<tr class=\"row-9\">\n\t<td class=\"column-1\">Catarina Vieira<\/td><td class=\"column-2\">f<\/td><td class=\"column-3\">GroenLinks<\/td><td class=\"column-4\">Greens\/EFA<\/td>\n<\/tr>\n<tr class=\"row-10\">\n\t<td class=\"column-1\">Sebastiaan St\u00f6teler<\/td><td class=\"column-2\">m<\/td><td class=\"column-3\">PVV - Partij voor de Vrijheid<\/td><td class=\"column-4\">PFE<\/td>\n<\/tr>\n<tr class=\"row-11\">\n\t<td class=\"column-1\">Marieke Ehlers<\/td><td class=\"column-2\">f<\/td><td class=\"column-3\">PVV<\/td><td class=\"column-4\">PFE<\/td>\n<\/tr>\n<tr class=\"row-12\">\n\t<td class=\"column-1\">Auke Zijlstra<\/td><td class=\"column-2\">m<\/td><td class=\"column-3\">PVV<\/td><td class=\"column-4\">PFE<\/td>\n<\/tr>\n<tr class=\"row-13\">\n\t<td class=\"column-1\">Sebastian Kruis<\/td><td class=\"column-2\">m<\/td><td class=\"column-3\">PVV<\/td><td class=\"column-4\">PFE<\/td>\n<\/tr>\n<tr class=\"row-14\">\n\t<td class=\"column-1\">Rachel Blom<\/td><td class=\"column-2\">f<\/td><td class=\"column-3\">PVV<\/td><td class=\"column-4\">PFE<\/td>\n<\/tr>\n<tr class=\"row-15\">\n\t<td class=\"column-1\">Ton Diepeveen<\/td><td class=\"column-2\">m<\/td><td class=\"column-3\">PVV<\/td><td class=\"column-4\">PFE<\/td>\n<\/tr>\n<tr class=\"row-16\">\n\t<td class=\"column-1\">Malik Azmani<\/td><td class=\"column-2\">m<\/td><td class=\"column-3\">VVD - Volkspartij voor Vrijheid en Democratie<\/td><td class=\"column-4\">Renew Europe<\/td>\n<\/tr>\n<tr class=\"row-17\">\n\t<td class=\"column-1\">Bart Groothuis<\/td><td class=\"column-2\">m<\/td><td class=\"column-3\">VVD<\/td><td class=\"column-4\">Renew Europe<\/td>\n<\/tr>\n<tr class=\"row-18\">\n\t<td class=\"column-1\">Jeannette Baljeu<\/td><td class=\"column-2\">f<\/td><td class=\"column-3\">VVD<\/td><td class=\"column-4\">Renew Europe<\/td>\n<\/tr>\n<tr class=\"row-19\">\n\t<td class=\"column-1\">Anouk van Brug<\/td><td class=\"column-2\">f<\/td><td class=\"column-3\">VVD<\/td><td class=\"column-4\">Renew Europe<\/td>\n<\/tr>\n<tr class=\"row-20\">\n\t<td class=\"column-1\">Tom Berendsen<\/td><td class=\"column-2\">m<\/td><td class=\"column-3\">CDA - Christen-Democratisch App\u00e8l<\/td><td class=\"column-4\">EPP<\/td>\n<\/tr>\n<tr class=\"row-21\">\n\t<td class=\"column-1\">Ingeborg ter Laak<\/td><td class=\"column-2\">f<\/td><td class=\"column-3\">CDA<\/td><td class=\"column-4\">EPP<\/td>\n<\/tr>\n<tr class=\"row-22\">\n\t<td class=\"column-1\">Jeroen Lenaers<\/td><td class=\"column-2\">f<\/td><td class=\"column-3\">CDA<\/td><td class=\"column-4\">EPP<\/td>\n<\/tr>\n<tr class=\"row-23\">\n\t<td class=\"column-1\">Gerben-Jan Gerbrandij<\/td><td class=\"column-2\">m<\/td><td class=\"column-3\">D66 - Democraten 66<\/td><td class=\"column-4\">Renew Europe<\/td>\n<\/tr>\n<tr class=\"row-24\">\n\t<td class=\"column-1\">Raquel Garcia Hermida-van der Walle<\/td><td class=\"column-2\">f<\/td><td class=\"column-3\">D66<\/td><td class=\"column-4\">Renew Europe<\/td>\n<\/tr>\n<tr class=\"row-25\">\n\t<td class=\"column-1\">Brigitte van den Berg<\/td><td class=\"column-2\">f<\/td><td class=\"column-3\">D66<\/td><td class=\"column-4\">Renew Europe<\/td>\n<\/tr>\n<tr class=\"row-26\">\n\t<td class=\"column-1\">Sander Smit<\/td><td class=\"column-2\">m<\/td><td class=\"column-3\">BBB - BoerBurgerBeweging<\/td><td class=\"column-4\">EPP<\/td>\n<\/tr>\n<tr class=\"row-27\">\n\t<td class=\"column-1\">Jessika van Leeuwen<\/td><td class=\"column-2\">f<\/td><td class=\"column-3\">BBB<\/td><td class=\"column-4\">EPP<\/td>\n<\/tr>\n<tr class=\"row-28\">\n\t<td class=\"column-1\">Reinier van Lanschot<\/td><td class=\"column-2\">m<\/td><td class=\"column-3\">Volt - Volt Nederland<\/td><td class=\"column-4\">Greens\/EFA<\/td>\n<\/tr>\n<tr class=\"row-29\">\n\t<td class=\"column-1\">Anna Strolenberg<\/td><td class=\"column-2\">f<\/td><td class=\"column-3\">Volt<\/td><td class=\"column-4\">Greens\/EFA<\/td>\n<\/tr>\n<tr class=\"row-30\">\n\t<td class=\"column-1\">Anja Hazekamp<\/td><td class=\"column-2\">f<\/td><td class=\"column-3\">Partij voor de Dieren - PvdD<\/td><td class=\"column-4\">GUE\/NGL<\/td>\n<\/tr>\n<tr class=\"row-31\">\n\t<td class=\"column-1\">Dirk Gotink<\/td><td class=\"column-2\">m<\/td><td class=\"column-3\">NSC - Nieuw Sociaal Contract<\/td><td class=\"column-4\">EPP<\/td>\n<\/tr>\n<tr class=\"row-32\">\n\t<td class=\"column-1\">Bert-Jan Ruissen<\/td><td class=\"column-2\">m<\/td><td class=\"column-3\">SGP - Staatkundig Gereformeerde Partij<\/td><td class=\"column-4\">ECR<\/td>\n<\/tr>\n<\/tbody>\n<\/table>\n<!-- #tablepress-293 from cache -->\n<div class=\"part\">\n<div class=\"part\">\n<p>&nbsp;<\/p>\n<\/div>\n<\/div>\n<\/div>\n<div class=\"part\">\n<h2>Results of the 2019 European elections<\/h2>\n<\/div>\n\n<table id=\"tablepress-65\" class=\"tablepress tablepress-id-65\">\n<thead>\n<tr class=\"row-1\">\n\t<th class=\"column-1\">Political parties<\/th><th class=\"column-2\">European affiliation<\/th><th class=\"column-3\">Number of votes<\/th><th class=\"column-4\">Percentage of votes<\/th><th class=\"column-5\">Number of seats<\/th><th class=\"column-6\">Trend compared with 2014<\/th>\n<\/tr>\n<\/thead>\n<tbody class=\"row-striping row-hover\">\n<tr class=\"row-2\">\n\t<td class=\"column-1\">Labour Party\t<\/td><td class=\"column-2\">S&amp;D<\/td><td class=\"column-3\"><\/td><td class=\"column-4\">19.01 %<\/td><td class=\"column-5\">6<\/td><td class=\"column-6\">\u2191<\/td>\n<\/tr>\n<tr class=\"row-3\">\n\t<td class=\"column-1\">People's Party for Freedom and Democracy\t<\/td><td class=\"column-2\">Renew Europe<\/td><td class=\"column-3\"><\/td><td class=\"column-4\">14.64 %<\/td><td class=\"column-5\">4<\/td><td class=\"column-6\">\u2193<\/td>\n<\/tr>\n<tr class=\"row-4\">\n\t<td class=\"column-1\">Christian Democratic Appeal\t<\/td><td class=\"column-2\">EPP<\/td><td class=\"column-3\"><\/td><td class=\"column-4\">12.18 %<\/td><td class=\"column-5\">4<\/td><td class=\"column-6\">\u2193<\/td>\n<\/tr>\n<tr class=\"row-5\">\n\t<td class=\"column-1\">Forum for Democracy\t<\/td><td class=\"column-2\">ECR<\/td><td class=\"column-3\"><\/td><td class=\"column-4\">10.96 %<\/td><td class=\"column-5\">3<\/td><td class=\"column-6\">New<\/td>\n<\/tr>\n<tr class=\"row-6\">\n\t<td class=\"column-1\">GreenLeft<\/td><td class=\"column-2\">Greens\/EFA<\/td><td class=\"column-3\"><\/td><td class=\"column-4\">10.90 %<\/td><td class=\"column-5\">3<\/td><td class=\"column-6\">\u2191<\/td>\n<\/tr>\n<tr class=\"row-7\">\n\t<td class=\"column-1\">Democrats 66\t<\/td><td class=\"column-2\">Renew Europe<\/td><td class=\"column-3\"><\/td><td class=\"column-4\">7.09 %<\/td><td class=\"column-5\">2<\/td><td class=\"column-6\">\u2191<\/td>\n<\/tr>\n<tr class=\"row-8\">\n\t<td class=\"column-1\">Christian Union\t<\/td><td class=\"column-2\">ECR<\/td><td class=\"column-3\"><\/td><td class=\"column-4\">6.83 %<\/td><td class=\"column-5\">2<\/td><td class=\"column-6\"><\/td>\n<\/tr>\n<tr class=\"row-9\">\n\t<td class=\"column-1\">Animals Party\t<\/td><td class=\"column-2\">GUE\/NGL<\/td><td class=\"column-3\"><\/td><td class=\"column-4\">4.02 %<\/td><td class=\"column-5\">1<\/td><td class=\"column-6\">\u2191<\/td>\n<\/tr>\n<tr class=\"row-10\">\n\t<td class=\"column-1\">50PLUS<\/td><td class=\"column-2\"><\/td><td class=\"column-3\"><\/td><td class=\"column-4\">3.91 %<\/td><td class=\"column-5\">1<\/td><td class=\"column-6\"><\/td>\n<\/tr>\n<tr class=\"row-11\">\n\t<td class=\"column-1\">Freedom Party\t<\/td><td class=\"column-2\"><\/td><td class=\"column-3\"><\/td><td class=\"column-4\">3.53 %<\/td><td class=\"column-5\">0<\/td><td class=\"column-6\">\u2193<\/td>\n<\/tr>\n<tr class=\"row-12\">\n\t<td class=\"column-1\">Socialist Party (SP)\t<\/td><td class=\"column-2\"><\/td><td class=\"column-3\"><\/td><td class=\"column-4\">3.37 %<\/td><td class=\"column-5\">0<\/td><td class=\"column-6\">\u2193<\/td>\n<\/tr>\n<\/tbody>\n<\/table>\n<!-- #tablepress-65 from cache -->\n<p>&nbsp;<\/p>\n<div class=\"part\">\n<h2>Electoral Procedures<\/h2>\n<\/div>\n<div class=\"part\">\n<p><strong>Election Dates :<\/strong> 6 June 2024<br \/>\n<span style=\"color: #003399;\">&gt;<\/span> <strong>Number of MEPs :<\/strong> 31<br \/>\n<span style=\"color: #003399;\">&gt;<\/span> <strong>At what age can one vote?<\/strong>\u00a018 years<br \/>\n<span style=\"color: #003399;\">&gt;<\/span>\u00a0<strong>At what age can one be elected?<\/strong>\u00a018 years<br \/>\n<span style=\"color: #003399;\">&gt;<\/span> <strong>Who can vote?<\/strong>\u00a0European citizens living in Netherlands.<\/p>\n<p>&nbsp;<\/p>\n<\/div>\n<div class=\"part\">\n<div class=\"part\">\n<div class=\"part\">\n<h2>Electoral rules<\/h2>\n<p><strong>Voting method :<\/strong>\u00a0Repr\u00e9sentation proportionnelle (vote pr\u00e9f\u00e9rentiel)<br \/>\n<span style=\"color: #003399;\">&gt;<\/span> <strong>Means for attributing seats :<\/strong>\u00a0D\u2019Hondt Method<br \/>\n<span style=\"color: #003399;\">&gt;<\/span> <strong>Can candidates be chosen from a list?<\/strong> Yes<\/p>\n<p>&nbsp;<\/p>\n<div class=\"part\">\n<h2>Institutions and political situation<\/h2>\n<p>Constitutional monarchy, parliamentary democracy<br \/>\n\u2013\u00a0<strong>Head of State :<\/strong> King Willem-Alexander<br \/>\n\u2013\u00a0<strong>Prime Minister :<\/strong> Mark Rutte (VVD),\u00a0 tendered his resignation from the government on July 8th 2023. The key ministries remain in office on an interim basis until a new government is formed following the general election on November 22nd, won by the Freedom Party (PVV), followed by the coalition of socialist and green parties (Labour Party-Green Left alliance (PvdA-GL)).<\/p>\n<p>&nbsp;<\/p>\n<\/div>\n<div class=\"part\">\n<div class=\"part\">\n<h2>Economy<\/h2>\n<p><span style=\"color: #003399;\">&gt;<\/span>\u00a0<strong>Currency :<\/strong>\u00a0Euro<br \/>\n<span style=\"color: #003399;\">&gt;<\/span> <strong>GDP :<\/strong> \u20ac 941 186 million (2022)<br \/>\n<span style=\"color: #003399;\">&gt;<\/span> <strong>GDP per capita (PPS) :<\/strong> \u20ac 53 170 (2022)<br \/>\n<span style=\"color: #003399;\">&gt;<\/span> <strong>GDP Growth :<\/strong> -0.2% (July 2023)<br \/>\n<span style=\"color: #003399;\">&gt;<\/span> <strong>Unemployment:<\/strong> 3.7% (September 2023)<br \/>\n<span style=\"color: #003399;\">&gt;<\/span> <strong>Inflation : <\/strong>0.2% (September 2023)<br \/>\n<span style=\"color: #003399;\">&gt;<\/span> <strong>Public Debt :<\/strong> 48.3% of GDP (March 2023)<\/p>\n<p>&nbsp;<\/p>\n<\/div>\n<div class=\"part\">\n<div class=\"part\">\n<h2>Geography and population<\/h2>\n<p><strong>Surface Area:<\/strong>\u00a041.543\u00a0km\u00b2<\/p>\n<p><strong>Population:\u00a0<\/strong>17.8 million inhabitants (2023)<\/p>\n<p>&nbsp;<\/p>\n<h2>Printable version<\/h2>\n<\/div>\n<\/div>\n<\/div>\n<\/div>\n<\/div>\n<\/div>\n<div class=\"part\"><\/div>\n<figure id=\"attachment_7817\" aria-describedby=\"caption-attachment-7817\" style=\"width: 215px\" class=\"wp-caption alignnone\"><a href=\"https:\/\/server.www.robert-schuman.eu\/storage\/en\/dossiers-pedagogiques\/connaitre-europe\/carte\/pays-bas.pdf\" target=\"_blank\" rel=\"noopener\"><img loading=\"lazy\" decoding=\"async\" class=\"wp-image-7817 size-medium\" src=\"https:\/\/www.electionseuropeennes.eu\/wp-content\/uploads\/2024\/06\/Screenshot-2024-06-17-at-17.19.20-215x300.png\" alt=\"\" width=\"215\" height=\"300\" srcset=\"https:\/\/www.electionseuropeennes.eu\/wp-content\/uploads\/2024\/06\/Screenshot-2024-06-17-at-17.19.20-215x300.png 215w, https:\/\/www.electionseuropeennes.eu\/wp-content\/uploads\/2024\/06\/Screenshot-2024-06-17-at-17.19.20-735x1024.png 735w, https:\/\/www.electionseuropeennes.eu\/wp-content\/uploads\/2024\/06\/Screenshot-2024-06-17-at-17.19.20-768x1071.png 768w, https:\/\/www.electionseuropeennes.eu\/wp-content\/uploads\/2024\/06\/Screenshot-2024-06-17-at-17.19.20-1102x1536.png 1102w, https:\/\/www.electionseuropeennes.eu\/wp-content\/uploads\/2024\/06\/Screenshot-2024-06-17-at-17.19.20-68x95.png 68w, https:\/\/www.electionseuropeennes.eu\/wp-content\/uploads\/2024\/06\/Screenshot-2024-06-17-at-17.19.20.png 1112w\" sizes=\"auto, (max-width: 215px) 100vw, 215px\" \/><\/a><figcaption id=\"caption-attachment-7817\" class=\"wp-caption-text\">Download PDF file<\/figcaption><\/figure>\n<p>[\/vc_column_text][\/vc_column][\/vc_row]<\/p>\n<\/section>","protected":false},"excerpt":{"rendered":"<p>[vc_row css=&#8221;.vc_custom_1696150543952{margin-top: 20px !important;margin-bottom: 50px !important;}&#8221;][vc_column][vc_column_text] Netherlands [\/vc_column_text][vc_column_text] Results of the 2024 European elections &nbsp; List of Dutch MEPs &nbsp; Results of the 2019 European elections &nbsp; Electoral Procedures Election Dates : 6 June 2024 &gt; Number of MEPs : 31 &gt; At what age can one vote?\u00a018 years &gt;\u00a0At what age can one be [&hellip;]<\/p>\n","protected":false},"author":1,"featured_media":0,"parent":0,"menu_order":0,"comment_status":"closed","ping_status":"closed","template":"page-templates\/template-home.php","meta":{"_acf_changed":false,"footnotes":""},"class_list":["post-5347","page","type-page","status-publish","hentry"],"acf":[],"_links":{"self":[{"href":"https:\/\/www.electionseuropeennes.eu\/en\/wp-json\/wp\/v2\/pages\/5347","targetHints":{"allow":["GET"]}}],"collection":[{"href":"https:\/\/www.electionseuropeennes.eu\/en\/wp-json\/wp\/v2\/pages"}],"about":[{"href":"https:\/\/www.electionseuropeennes.eu\/en\/wp-json\/wp\/v2\/types\/page"}],"author":[{"embeddable":true,"href":"https:\/\/www.electionseuropeennes.eu\/en\/wp-json\/wp\/v2\/users\/1"}],"replies":[{"embeddable":true,"href":"https:\/\/www.electionseuropeennes.eu\/en\/wp-json\/wp\/v2\/comments?post=5347"}],"version-history":[{"count":14,"href":"https:\/\/www.electionseuropeennes.eu\/en\/wp-json\/wp\/v2\/pages\/5347\/revisions"}],"predecessor-version":[{"id":8064,"href":"https:\/\/www.electionseuropeennes.eu\/en\/wp-json\/wp\/v2\/pages\/5347\/revisions\/8064"}],"wp:attachment":[{"href":"https:\/\/www.electionseuropeennes.eu\/en\/wp-json\/wp\/v2\/media?parent=5347"}],"curies":[{"name":"wp","href":"https:\/\/api.w.org\/{rel}","templated":true}]}}