{"id":5354,"date":"2023-09-29T12:21:54","date_gmt":"2023-09-29T10:21:54","guid":{"rendered":"https:\/\/2024.electionseuropeennes.eu\/danemark\/"},"modified":"2024-06-25T12:32:36","modified_gmt":"2024-06-25T10:32:36","slug":"denmark","status":"publish","type":"page","link":"https:\/\/www.electionseuropeennes.eu\/en\/denmark\/","title":{"rendered":"Denmark"},"content":{"rendered":"<section class=\"wpb-content-wrapper\"><p>[vc_row css=&#8221;.vc_custom_1696150543952{margin-top: 20px !important;margin-bottom: 50px !important;}&#8221;][vc_column][vc_column_text]<\/p>\n<h1>Denmark<\/h1>\n<h2>Results of the 2024 European elections<\/h2>\n\n<table id=\"tablepress-224\" class=\"tablepress tablepress-id-224\">\n<thead>\n<tr class=\"row-1\">\n\t<th class=\"column-1\">Political Party<\/th><th class=\"column-2\">European affiliation<\/th><th class=\"column-3\">Number of votes<\/th><th class=\"column-4\">Percentage of votes<\/th><th class=\"column-5\">Number of seats<\/th><th class=\"column-6\">Trend compared to 2019<\/th>\n<\/tr>\n<\/thead>\n<tbody class=\"row-striping row-hover\">\n<tr class=\"row-2\">\n\t<td class=\"column-1\">SF - Socialistisk Folkeparti (F)<\/td><td class=\"column-2\">Greens\/EFA<\/td><td class=\"column-3\">426 367<\/td><td class=\"column-4\">17.4%<\/td><td class=\"column-5\">3<\/td><td class=\"column-6\">\u2191 1<\/td>\n<\/tr>\n<tr class=\"row-3\">\n\t<td class=\"column-1\">Socialdemokratiet (A)<\/td><td class=\"column-2\">S&amp;D<\/td><td class=\"column-3\">381 494<\/td><td class=\"column-4\">15.6%<\/td><td class=\"column-5\">3<\/td><td class=\"column-6\">=<\/td>\n<\/tr>\n<tr class=\"row-4\">\n\t<td class=\"column-1\">Venstre, Danmarks Liberale Parti (V)<\/td><td class=\"column-2\">Renew<\/td><td class=\"column-3\">359 556<\/td><td class=\"column-4\">14.7%<\/td><td class=\"column-5\">2<\/td><td class=\"column-6\">\u2193 1<\/td>\n<\/tr>\n<tr class=\"row-5\">\n\t<td class=\"column-1\">Det Konservative Folkeparti (C)<\/td><td class=\"column-2\">PPE<\/td><td class=\"column-3\">216 249<\/td><td class=\"column-4\">8.8%<\/td><td class=\"column-5\">1<\/td><td class=\"column-6\">=<\/td>\n<\/tr>\n<tr class=\"row-6\">\n\t<td class=\"column-1\">Danmarksdemokraterne \u2013 Inger St\u00f8jberg (\u00c6)<\/td><td class=\"column-2\">Autres<\/td><td class=\"column-3\">180 666<\/td><td class=\"column-4\">7.4%<\/td><td class=\"column-5\">1<\/td><td class=\"column-6\">Newcomer<\/td>\n<\/tr>\n<tr class=\"row-7\">\n\t<td class=\"column-1\">Radikale Venstre (B)<\/td><td class=\"column-2\">Renew<\/td><td class=\"column-3\">173 159<\/td><td class=\"column-4\">7.1%<\/td><td class=\"column-5\">1<\/td><td class=\"column-6\">\u2193 1<\/td>\n<\/tr>\n<tr class=\"row-8\">\n\t<td class=\"column-1\">Enhedslisten \u2013 De R\u00f8d-Gr\u00f8nne (\u00d8)<\/td><td class=\"column-2\">GUE\/NGL<\/td><td class=\"column-3\">172 009<\/td><td class=\"column-4\">7%<\/td><td class=\"column-5\">1<\/td><td class=\"column-6\">=<\/td>\n<\/tr>\n<tr class=\"row-9\">\n\t<td class=\"column-1\">Liberal Alliance (I)<\/td><td class=\"column-2\">EPP<\/td><td class=\"column-3\">170 179<\/td><td class=\"column-4\">7%<\/td><td class=\"column-5\">1<\/td><td class=\"column-6\">Newcomer<\/td>\n<\/tr>\n<tr class=\"row-10\">\n\t<td class=\"column-1\">Dansk Folkeparti (O)<\/td><td class=\"column-2\">ID<\/td><td class=\"column-3\">155 875<\/td><td class=\"column-4\">6.4%<\/td><td class=\"column-5\">1<\/td><td class=\"column-6\">=<\/td>\n<\/tr>\n<tr class=\"row-11\">\n\t<td class=\"column-1\">Moderaterne (M)<\/td><td class=\"column-2\">Renew<\/td><td class=\"column-3\">145 363<\/td><td class=\"column-4\">5.9%<\/td><td class=\"column-5\">1<\/td><td class=\"column-6\">Newcomer<\/td>\n<\/tr>\n<\/tbody>\n<\/table>\n<!-- #tablepress-224 from cache -->\n<p>&nbsp;<\/p>\n<h2>List of Danish MEPs<\/h2>\n\n<table id=\"tablepress-280\" class=\"tablepress tablepress-id-280\">\n<thead>\n<tr class=\"row-1\">\n\t<th class=\"column-1\">MEP<\/th><th class=\"column-2\">Gender<\/th><th class=\"column-3\">National party<\/th><th class=\"column-4\">Political group in the European Parliament<\/th>\n<\/tr>\n<\/thead>\n<tbody class=\"row-striping row-hover\">\n<tr class=\"row-2\">\n\t<td class=\"column-1\">Christel Schald\u00e9mose<\/td><td class=\"column-2\">f<\/td><td class=\"column-3\">Socialdemokratiet<\/td><td class=\"column-4\">S&amp;D<\/td>\n<\/tr>\n<tr class=\"row-3\">\n\t<td class=\"column-1\">Niels Fuglsang<\/td><td class=\"column-2\">m<\/td><td class=\"column-3\">Socialdemokratiet<\/td><td class=\"column-4\">S&amp;D<\/td>\n<\/tr>\n<tr class=\"row-4\">\n\t<td class=\"column-1\">Marianne Vind<\/td><td class=\"column-2\">f<\/td><td class=\"column-3\">Socialdemokratiet<\/td><td class=\"column-4\">S&amp;D<\/td>\n<\/tr>\n<tr class=\"row-5\">\n\t<td class=\"column-1\">Sigrid Friis<\/td><td class=\"column-2\">f<\/td><td class=\"column-3\">Radikale Venstre<\/td><td class=\"column-4\">Renew Europe<\/td>\n<\/tr>\n<tr class=\"row-6\">\n\t<td class=\"column-1\">Niels Flemming Hansen<\/td><td class=\"column-2\">m<\/td><td class=\"column-3\">Det Konservative Folkeparti<\/td><td class=\"column-4\">EPP<\/td>\n<\/tr>\n<tr class=\"row-7\">\n\t<td class=\"column-1\">Kira Marie Peter-Hansen<\/td><td class=\"column-2\">f<\/td><td class=\"column-3\">Socialistisk Folkeparti<\/td><td class=\"column-4\">Greens\/EFA<\/td>\n<\/tr>\n<tr class=\"row-8\">\n\t<td class=\"column-1\">Rasmus Nordqvist<\/td><td class=\"column-2\">m<\/td><td class=\"column-3\">Socialistisk Folkeparti<\/td><td class=\"column-4\">Greens\/EFA<\/td>\n<\/tr>\n<tr class=\"row-9\">\n\t<td class=\"column-1\">Villy S\u00f8vndal<\/td><td class=\"column-2\">m<\/td><td class=\"column-3\">Socialistisk Folkeparti<\/td><td class=\"column-4\">Greens\/EFA<\/td>\n<\/tr>\n<tr class=\"row-10\">\n\t<td class=\"column-1\">Henrik Dahl<\/td><td class=\"column-2\">m<\/td><td class=\"column-3\">Liberal Alliance<\/td><td class=\"column-4\">EPP<\/td>\n<\/tr>\n<tr class=\"row-11\">\n\t<td class=\"column-1\">Stine Bosse<\/td><td class=\"column-2\">f<\/td><td class=\"column-3\">Moderaterne<\/td><td class=\"column-4\">Renew Europe<\/td>\n<\/tr>\n<tr class=\"row-12\">\n\t<td class=\"column-1\">Anders Vistisen<\/td><td class=\"column-2\">m<\/td><td class=\"column-3\">Dansk Folkeparti<\/td><td class=\"column-4\">PFE<\/td>\n<\/tr>\n<tr class=\"row-13\">\n\t<td class=\"column-1\">Morten L\u00f8kkegaard<\/td><td class=\"column-2\">m<\/td><td class=\"column-3\">Venstre, Danmarks Liberale Parti<\/td><td class=\"column-4\">Renew Europe<\/td>\n<\/tr>\n<tr class=\"row-14\">\n\t<td class=\"column-1\">Asger Christensen<\/td><td class=\"column-2\">m<\/td><td class=\"column-3\">Venstre, Danmarks Liberale Parti<\/td><td class=\"column-4\">Renew Europe<\/td>\n<\/tr>\n<tr class=\"row-15\">\n\t<td class=\"column-1\">Kristoffer Storm<\/td><td class=\"column-2\">m<\/td><td class=\"column-3\">Danmarksdemokraterne - Inger St\u00f8jberg<\/td><td class=\"column-4\">ECR<\/td>\n<\/tr>\n<tr class=\"row-16\">\n\t<td class=\"column-1\">Per Clausen<\/td><td class=\"column-2\">m<\/td><td class=\"column-3\">Enhedslisten - De R\u00f8d-Gr\u00f8nne<\/td><td class=\"column-4\">GUE\/NGL<\/td>\n<\/tr>\n<\/tbody>\n<\/table>\n<!-- #tablepress-280 from cache -->\n<div class=\"part\">\n<p>&nbsp;<\/p>\n<\/div>\n<h2>Results of the 2019 European elections<\/h2>\n\n<table id=\"tablepress-68\" class=\"tablepress tablepress-id-68\">\n<thead>\n<tr class=\"row-1\">\n\t<th class=\"column-1\">Political party<\/th><th class=\"column-2\">European affiliation<\/th><th class=\"column-3\">Number of votes<\/th><th class=\"column-4\">Percentage of votes<\/th><th class=\"column-5\">Number of seats<\/th><th class=\"column-6\">Trend compared with 2014<\/th>\n<\/tr>\n<\/thead>\n<tbody class=\"row-striping row-hover\">\n<tr class=\"row-2\">\n\t<td class=\"column-1\">Liberal Party (V)<\/td><td class=\"column-2\">Renew Europe<\/td><td class=\"column-3\"><\/td><td class=\"column-4\">23.50 %<\/td><td class=\"column-5\">3<\/td><td class=\"column-6\">\u2191<\/td>\n<\/tr>\n<tr class=\"row-3\">\n\t<td class=\"column-1\">Social Democrats (SD)<\/td><td class=\"column-2\">S&amp;D<\/td><td class=\"column-3\"><\/td><td class=\"column-4\">21.50 %<\/td><td class=\"column-5\">3<\/td><td class=\"column-6\">\u2191<\/td>\n<\/tr>\n<tr class=\"row-4\">\n\t<td class=\"column-1\">People\u2019s Socialist Party - SF<\/td><td class=\"column-2\">Greens\/EFA<\/td><td class=\"column-3\"><\/td><td class=\"column-4\">13.20 %<\/td><td class=\"column-5\">2<\/td><td class=\"column-6\">\u2191<\/td>\n<\/tr>\n<tr class=\"row-5\">\n\t<td class=\"column-1\">Social-liberal Party<\/td><td class=\"column-2\">Renew Europe<\/td><td class=\"column-3\"><\/td><td class=\"column-4\">10.10 %<\/td><td class=\"column-5\">2<\/td><td class=\"column-6\">\u2191<\/td>\n<\/tr>\n<tr class=\"row-6\">\n\t<td class=\"column-1\">Danish People\u2019s Party (DF)<\/td><td class=\"column-2\">ECR<\/td><td class=\"column-3\"><\/td><td class=\"column-4\">10.70 %<\/td><td class=\"column-5\">1<\/td><td class=\"column-6\">\u2193<\/td>\n<\/tr>\n<tr class=\"row-7\">\n\t<td class=\"column-1\">Conservative People\u2019s Party <\/td><td class=\"column-2\">EPP<\/td><td class=\"column-3\"><\/td><td class=\"column-4\">6.20 %<\/td><td class=\"column-5\">1<\/td><td class=\"column-6\">\u2193<\/td>\n<\/tr>\n<tr class=\"row-8\">\n\t<td class=\"column-1\">Unity List \u2013 Red-Green Alliance<\/td><td class=\"column-2\">GUE\/NGL<\/td><td class=\"column-3\"><\/td><td class=\"column-4\">5.50 %<\/td><td class=\"column-5\">1<\/td><td class=\"column-6\">New<\/td>\n<\/tr>\n<\/tbody>\n<\/table>\n<!-- #tablepress-68 from cache -->\n<p>&nbsp;<\/p>\n<div class=\"part\">\n<div class=\"part\">\n<h2>Electoral Procedures<\/h2>\n<p><span style=\"color: #003399;\">&gt;<\/span> <strong>Election Dates :<\/strong>\u00a09 June 2024<br \/>\n<span style=\"color: #003399;\">&gt;<\/span> <strong>Number of MEPs :<\/strong>\u00a015<br \/>\n<span style=\"color: #003399;\">&gt;<\/span> <strong>At what age can one vote?<\/strong>\u00a018 years<br \/>\n<span style=\"color: #003399;\">&gt;<\/span> <strong>At what age can one be elected?<\/strong>\u00a018 years<br \/>\n<span style=\"color: #003399;\">&gt;<\/span> <strong>Who can vote?\u00a0<\/strong>European citizens living in Denmark<\/p>\n<p>&nbsp;<\/p>\n<\/div>\n<div class=\"part\">\n<h2>Electoral rules<\/h2>\n<p><span style=\"color: #003399;\">&gt;<\/span> <strong>Voting method :<\/strong>\u00a0Preferential vote<br \/>\n<span style=\"color: #003399;\">&gt;<\/span> <strong>Means for attributing seats :<\/strong>\u00a0D\u2019Hondt Method<br \/>\n<span style=\"color: #003399;\">&gt;<\/span> <strong>Can candidates be chosen from a list?<\/strong> Yes<\/p>\n<p>&nbsp;<\/p>\n<\/div>\n<\/div>\n<div class=\"part\">\n<h2>Institutions and political situation<\/h2>\n<p>Constitutional monarchy, unicameral democratic parliament.<\/p>\n<p>\u2013\u00a0<strong>Head of State<\/strong>: King Frederik X<\/p>\n<p>\u2013\u00a0<strong>Prime Minister<\/strong>: Mette Frederiksen<\/p>\n<p>&nbsp;<\/p>\n<\/div>\n<div class=\"part\">\n<h2>Economy<\/h2>\n<p><strong>Currency :<\/strong>\u00a0Danish Crown (DKK) (exchange rate in September 2023: 1\u20ac = 7.4673 DKK)<br \/>\n<span style=\"color: #003399;\">&gt;<\/span> <strong>GDP :<\/strong>\u00a0\u20ac380 617 million (2022)<br \/>\n<span style=\"color: #003399;\">&gt;<\/span> <strong>GDP per capita (PPS) :<\/strong>\u00a0\u20ac51 660 (1011)<br \/>\n<span style=\"color: #003399;\">&gt;<\/span> <strong>GDP Growth :<\/strong>\u00a00.3% (June 2023)<br \/>\n<span style=\"color: #003399;\">&gt;<\/span> <strong>Unemployment:<\/strong>\u00a02.5% (September 2023)<br \/>\n<span style=\"color: #003399;\">&gt;<\/span> <strong>Inflation :<\/strong>\u00a00.9% (September 2023)<br \/>\n<span style=\"color: #003399;\">&gt;<\/span> <strong>Public Debt :<\/strong>\u00a030.1% of GDP (December 2022)<\/p>\n<p>&nbsp;<\/p>\n<\/div>\n<div class=\"part\">\n<h2>Geography and population<\/h2>\n<p><strong>Surface Area:<\/strong>\u00a043,094 km\u00b2<\/p>\n<p><strong>Population:<\/strong> 5,9 million inhabitants (2023)<\/p>\n<p>&nbsp;<\/p>\n<\/div>\n<h2>Printable version<\/h2>\n<div class=\"part\">\n<figure id=\"attachment_7775\" aria-describedby=\"caption-attachment-7775\" style=\"width: 220px\" class=\"wp-caption alignnone\"><a href=\"https:\/\/server.www.robert-schuman.eu\/storage\/en\/dossiers-pedagogiques\/connaitre-europe\/carte\/danemark.pdf\" target=\"_blank\" rel=\"noopener\"><img loading=\"lazy\" decoding=\"async\" class=\"wp-image-7775 size-medium\" src=\"https:\/\/www.electionseuropeennes.eu\/wp-content\/uploads\/2024\/06\/Screenshot-2024-06-17-at-16.52.42-220x300.png\" alt=\"\" width=\"220\" height=\"300\" srcset=\"https:\/\/www.electionseuropeennes.eu\/wp-content\/uploads\/2024\/06\/Screenshot-2024-06-17-at-16.52.42-220x300.png 220w, https:\/\/www.electionseuropeennes.eu\/wp-content\/uploads\/2024\/06\/Screenshot-2024-06-17-at-16.52.42-750x1024.png 750w, https:\/\/www.electionseuropeennes.eu\/wp-content\/uploads\/2024\/06\/Screenshot-2024-06-17-at-16.52.42-768x1048.png 768w, https:\/\/www.electionseuropeennes.eu\/wp-content\/uploads\/2024\/06\/Screenshot-2024-06-17-at-16.52.42-70x95.png 70w, https:\/\/www.electionseuropeennes.eu\/wp-content\/uploads\/2024\/06\/Screenshot-2024-06-17-at-16.52.42.png 1118w\" sizes=\"auto, (max-width: 220px) 100vw, 220px\" \/><\/a><figcaption id=\"caption-attachment-7775\" class=\"wp-caption-text\">Download PDF file<\/figcaption><\/figure>\n<p>[\/vc_column_text][\/vc_column][\/vc_row]<\/p>\n<\/div>\n<\/section>","protected":false},"excerpt":{"rendered":"<p>[vc_row css=&#8221;.vc_custom_1696150543952{margin-top: 20px !important;margin-bottom: 50px !important;}&#8221;][vc_column][vc_column_text] Denmark Results of the 2024 European elections &nbsp; List of Danish MEPs &nbsp; Results of the 2019 European elections &nbsp; Electoral Procedures &gt; Election Dates :\u00a09 June 2024 &gt; Number of MEPs :\u00a015 &gt; At what age can one vote?\u00a018 years &gt; At what age can one be elected?\u00a018 [&hellip;]<\/p>\n","protected":false},"author":1,"featured_media":0,"parent":0,"menu_order":0,"comment_status":"closed","ping_status":"closed","template":"page-templates\/template-home.php","meta":{"_acf_changed":false,"footnotes":""},"class_list":["post-5354","page","type-page","status-publish","hentry"],"acf":[],"_links":{"self":[{"href":"https:\/\/www.electionseuropeennes.eu\/en\/wp-json\/wp\/v2\/pages\/5354","targetHints":{"allow":["GET"]}}],"collection":[{"href":"https:\/\/www.electionseuropeennes.eu\/en\/wp-json\/wp\/v2\/pages"}],"about":[{"href":"https:\/\/www.electionseuropeennes.eu\/en\/wp-json\/wp\/v2\/types\/page"}],"author":[{"embeddable":true,"href":"https:\/\/www.electionseuropeennes.eu\/en\/wp-json\/wp\/v2\/users\/1"}],"replies":[{"embeddable":true,"href":"https:\/\/www.electionseuropeennes.eu\/en\/wp-json\/wp\/v2\/comments?post=5354"}],"version-history":[{"count":11,"href":"https:\/\/www.electionseuropeennes.eu\/en\/wp-json\/wp\/v2\/pages\/5354\/revisions"}],"predecessor-version":[{"id":8051,"href":"https:\/\/www.electionseuropeennes.eu\/en\/wp-json\/wp\/v2\/pages\/5354\/revisions\/8051"}],"wp:attachment":[{"href":"https:\/\/www.electionseuropeennes.eu\/en\/wp-json\/wp\/v2\/media?parent=5354"}],"curies":[{"name":"wp","href":"https:\/\/api.w.org\/{rel}","templated":true}]}}