{"id":5388,"date":"2023-09-29T13:09:15","date_gmt":"2023-09-29T11:09:15","guid":{"rendered":"https:\/\/2024.electionseuropeennes.eu\/portugal\/"},"modified":"2024-06-25T12:44:17","modified_gmt":"2024-06-25T10:44:17","slug":"portugal","status":"publish","type":"page","link":"https:\/\/www.electionseuropeennes.eu\/en\/portugal\/","title":{"rendered":"Portugal"},"content":{"rendered":"<section class=\"wpb-content-wrapper\"><p>[vc_row css=&#8221;.vc_custom_1696150543952{margin-top: 20px !important;margin-bottom: 50px !important;}&#8221;][vc_column][vc_column_text]<\/p>\n<h1>Portugal<\/h1>\n<p>[\/vc_column_text][vc_column_text]<\/p>\n<h2>Results of the 2024 European elections<\/h2>\n\n<table id=\"tablepress-239\" class=\"tablepress tablepress-id-239\">\n<thead>\n<tr class=\"row-1\">\n\t<th class=\"column-1\">Political Party<\/th><th class=\"column-2\">European affiliation<\/th><th class=\"column-3\">Number of votes<\/th><th class=\"column-4\">Percentage of votes<\/th><th class=\"column-5\">Number of seats<\/th><th class=\"column-6\">Trend compared to 2019<\/th>\n<\/tr>\n<\/thead>\n<tbody class=\"row-striping row-hover\">\n<tr class=\"row-2\">\n\t<td class=\"column-1\">Partido Socialista (PS)<\/td><td class=\"column-2\">S&amp;D<\/td><td class=\"column-3\">1 266 813<\/td><td class=\"column-4\">32.1%<\/td><td class=\"column-5\">8<\/td><td class=\"column-6\">\u2193 1<\/td>\n<\/tr>\n<tr class=\"row-3\">\n\t<td class=\"column-1\">Alian\u00e7a Democr\u00e1tica (AD)<\/td><td class=\"column-2\">EPP<\/td><td class=\"column-3\">1 228 319<\/td><td class=\"column-4\">31.12%<\/td><td class=\"column-5\">7<\/td><td class=\"column-6\">\u2193 1<\/td>\n<\/tr>\n<tr class=\"row-4\">\n\t<td class=\"column-1\">CHEGA (CH)<\/td><td class=\"column-2\">ID<\/td><td class=\"column-3\">386 657<\/td><td class=\"column-4\">9.79%<\/td><td class=\"column-5\">2<\/td><td class=\"column-6\">Newcomer<\/td>\n<\/tr>\n<tr class=\"row-5\">\n\t<td class=\"column-1\">Iniciativa Liberal (IL)<\/td><td class=\"column-2\">Renew Europe<\/td><td class=\"column-3\">358 282<\/td><td class=\"column-4\">9.07%<\/td><td class=\"column-5\">2<\/td><td class=\"column-6\">Newcomer<\/td>\n<\/tr>\n<tr class=\"row-6\">\n\t<td class=\"column-1\">Bloco de Esquerda (BE)<\/td><td class=\"column-2\">GUE\/NGL<\/td><td class=\"column-3\">168 020<\/td><td class=\"column-4\">4.25%<\/td><td class=\"column-5\">1<\/td><td class=\"column-6\">\u2193 1<\/td>\n<\/tr>\n<tr class=\"row-7\">\n\t<td class=\"column-1\">Coliga\u00e7\u00e3o Democr\u00e1tica Unit\u00e1ria (CDU)<\/td><td class=\"column-2\">GUE\/NGL<\/td><td class=\"column-3\">162 739<\/td><td class=\"column-4\">4.12%<\/td><td class=\"column-5\">1<\/td><td class=\"column-6\">\u2193 1<\/td>\n<\/tr>\n<\/tbody>\n<\/table>\n<!-- #tablepress-239 from cache -->\n<p>&nbsp;<\/p>\n<h2>List of Portuguese MEPs<\/h2>\n\n<table id=\"tablepress-295\" class=\"tablepress tablepress-id-295\">\n<thead>\n<tr class=\"row-1\">\n\t<th class=\"column-1\">MEP<\/th><th class=\"column-2\">Gender<\/th><th class=\"column-3\">National party<\/th><th class=\"column-4\">Political group in the European Parliament<\/th>\n<\/tr>\n<\/thead>\n<tbody class=\"row-striping row-hover\">\n<tr class=\"row-2\">\n\t<td class=\"column-1\">Marta Alexandra Fartura Braga Temido de Almeida Sim\u00f5es<\/td><td class=\"column-2\">f<\/td><td class=\"column-3\">Partido Socialista (PS)<\/td><td class=\"column-4\">S&amp;D<\/td>\n<\/tr>\n<tr class=\"row-3\">\n\t<td class=\"column-1\">Francisco Jos\u00e9 Pereira de Assis Miranda<\/td><td class=\"column-2\">m<\/td><td class=\"column-3\">PS<\/td><td class=\"column-4\">S&amp;D<\/td>\n<\/tr>\n<tr class=\"row-4\">\n\t<td class=\"column-1\">Ana Catarina Veiga dos Santos Mendon\u00e7a Mendes<\/td><td class=\"column-2\">f<\/td><td class=\"column-3\">PS<\/td><td class=\"column-4\">S&amp;D<\/td>\n<\/tr>\n<tr class=\"row-5\">\n\t<td class=\"column-1\">Bruno Alexandre Rocha Gon\u00e7alves<\/td><td class=\"column-2\">m<\/td><td class=\"column-3\">PS<\/td><td class=\"column-4\">S&amp;D<\/td>\n<\/tr>\n<tr class=\"row-6\">\n\t<td class=\"column-1\">Andr\u00e9 Filipe Franqueia Rodrigues<\/td><td class=\"column-2\">m<\/td><td class=\"column-3\">PS<\/td><td class=\"column-4\">S&amp;D<\/td>\n<\/tr>\n<tr class=\"row-7\">\n\t<td class=\"column-1\">Carla Mar\u00eda Nunes Tavares<\/td><td class=\"column-2\">f<\/td><td class=\"column-3\">PS<\/td><td class=\"column-4\">S&amp;D<\/td>\n<\/tr>\n<tr class=\"row-8\">\n\t<td class=\"column-1\">Isilda Maria Prazeres dos Santos Varges Gomes<\/td><td class=\"column-2\">f<\/td><td class=\"column-3\">PS<\/td><td class=\"column-4\">S&amp;D<\/td>\n<\/tr>\n<tr class=\"row-9\">\n\t<td class=\"column-1\">S\u00e9rgio Miguel Sousa Gon\u00e7alves<\/td><td class=\"column-2\">m<\/td><td class=\"column-3\">PS<\/td><td class=\"column-4\">S&amp;D<\/td>\n<\/tr>\n<tr class=\"row-10\">\n\t<td class=\"column-1\">S\u00e9bastien Maria Reis Bugalho<\/td><td class=\"column-2\">m<\/td><td class=\"column-3\">Alian\u00e7a Democr\u00e1tica (AD)<\/td><td class=\"column-4\">EPP<\/td>\n<\/tr>\n<tr class=\"row-11\">\n\t<td class=\"column-1\">Paulo Alexandre Matos Cunha<\/td><td class=\"column-2\">m<\/td><td class=\"column-3\">AD<\/td><td class=\"column-4\">EPP<\/td>\n<\/tr>\n<tr class=\"row-12\">\n\t<td class=\"column-1\">Ana Miguel Pedro Soares<\/td><td class=\"column-2\">f<\/td><td class=\"column-3\">AD<\/td><td class=\"column-4\">EPP<\/td>\n<\/tr>\n<tr class=\"row-13\">\n\t<td class=\"column-1\">H\u00e9lder Ant\u00f3nio Guerra de Sousa e Silva<\/td><td class=\"column-2\">m<\/td><td class=\"column-3\">AD<\/td><td class=\"column-4\">EPP<\/td>\n<\/tr>\n<tr class=\"row-14\">\n\t<td class=\"column-1\">Ana L\u00eddia Fernandes Oliveira Pereira<\/td><td class=\"column-2\">f<\/td><td class=\"column-3\">AD<\/td><td class=\"column-4\">EPP<\/td>\n<\/tr>\n<tr class=\"row-15\">\n\t<td class=\"column-1\">S\u00e9rgio Humberto Pereira da Silva<\/td><td class=\"column-2\">m<\/td><td class=\"column-3\">AD<\/td><td class=\"column-4\">EPP<\/td>\n<\/tr>\n<tr class=\"row-16\">\n\t<td class=\"column-1\">Paulo Roberto de Medeiros de Nascimento Cabral<\/td><td class=\"column-2\">m<\/td><td class=\"column-3\">AD<\/td><td class=\"column-4\">EPP<\/td>\n<\/tr>\n<tr class=\"row-17\">\n\t<td class=\"column-1\">Ant\u00f3nio Manuel Moreira Tanger Corr\u00eaa<\/td><td class=\"column-2\">m<\/td><td class=\"column-3\">CHEGA (CH)<\/td><td class=\"column-4\">PFE<\/td>\n<\/tr>\n<tr class=\"row-18\">\n\t<td class=\"column-1\">Tiago da Mota Veiga Moreira de S\u00e1<\/td><td class=\"column-2\">m<\/td><td class=\"column-3\">CH<\/td><td class=\"column-4\">PFE<\/td>\n<\/tr>\n<tr class=\"row-19\">\n\t<td class=\"column-1\">Jo\u00e3o Fernando Cotrim de Figueiredo<\/td><td class=\"column-2\">m<\/td><td class=\"column-3\">Iniciativa Liberal (IL)<\/td><td class=\"column-4\">Renew Europe<\/td>\n<\/tr>\n<tr class=\"row-20\">\n\t<td class=\"column-1\">Ana Vasconcelos Martins<\/td><td class=\"column-2\">f<\/td><td class=\"column-3\">IL<\/td><td class=\"column-4\">Renew Europe<\/td>\n<\/tr>\n<tr class=\"row-21\">\n\t<td class=\"column-1\">Catarina Soares Martins<\/td><td class=\"column-2\">f<\/td><td class=\"column-3\">Bloco de Esquerda (BE)<\/td><td class=\"column-4\">GUE\/NGL<\/td>\n<\/tr>\n<tr class=\"row-22\">\n\t<td class=\"column-1\">Jo\u00e3o Guilherme Ramos Rosa de Oliveira<\/td><td class=\"column-2\">m<\/td><td class=\"column-3\">Coliga\u00e7\u00e3o Democr\u00e1tica Unit\u00e1ria (CDU)<\/td><td class=\"column-4\">GUE\/NGL<\/td>\n<\/tr>\n<\/tbody>\n<\/table>\n<!-- #tablepress-295 from cache -->\n<p>&nbsp;<\/p>\n<h2>Results of the 2019 European elections<\/h2>\n\n<table id=\"tablepress-64\" class=\"tablepress tablepress-id-64\">\n<thead>\n<tr class=\"row-1\">\n\t<th class=\"column-1\">Political parties<\/th><th class=\"column-2\">European affiliation <\/th><th class=\"column-3\">Number of votes<\/th><th class=\"column-4\">Percentage of votes<\/th><th class=\"column-5\">Number of seats<\/th><th class=\"column-6\">Trend compared with 2014<\/th>\n<\/tr>\n<\/thead>\n<tbody class=\"row-striping row-hover\">\n<tr class=\"row-2\">\n\t<td class=\"column-1\">Socialist Party\t<\/td><td class=\"column-2\">S&amp;D<\/td><td class=\"column-3\">1 105 894 <\/td><td class=\"column-4\">33.38 %<\/td><td class=\"column-5\">9<\/td><td class=\"column-6\">\u2191<\/td>\n<\/tr>\n<tr class=\"row-3\">\n\t<td class=\"column-1\">Social Democratic Party\t<\/td><td class=\"column-2\">EPP<\/td><td class=\"column-3\">726 728<\/td><td class=\"column-4\">21.94%<\/td><td class=\"column-5\">6<\/td><td class=\"column-6\">=<\/td>\n<\/tr>\n<tr class=\"row-4\">\n\t<td class=\"column-1\">Left Bloc\t<\/td><td class=\"column-2\">GUE\/NGL<\/td><td class=\"column-3\">325 368<\/td><td class=\"column-4\">9.82 %<\/td><td class=\"column-5\">2<\/td><td class=\"column-6\">\u2191<\/td>\n<\/tr>\n<tr class=\"row-5\">\n\t<td class=\"column-1\">Unitary Democratic Coalition\t<\/td><td class=\"column-2\">GUE\/NGL<\/td><td class=\"column-3\">228 054<\/td><td class=\"column-4\">6.88 %<\/td><td class=\"column-5\">2<\/td><td class=\"column-6\">\u2193<\/td>\n<\/tr>\n<tr class=\"row-6\">\n\t<td class=\"column-1\">People's Party<\/td><td class=\"column-2\">EPP<\/td><td class=\"column-3\">204 957<\/td><td class=\"column-4\">6.19 %<\/td><td class=\"column-5\">1<\/td><td class=\"column-6\"><\/td>\n<\/tr>\n<tr class=\"row-7\">\n\t<td class=\"column-1\">People-Animals-Nature (PAN)\t<\/td><td class=\"column-2\">Greens\/EFA<\/td><td class=\"column-3\">168 359<\/td><td class=\"column-4\">5.08 %<\/td><td class=\"column-5\">1<\/td><td class=\"column-6\">\u2191<\/td>\n<\/tr>\n<\/tbody>\n<\/table>\n<!-- #tablepress-64 from cache -->\n<p>&nbsp;<\/p>\n<div class=\"part\">\n<h2>Electoral Procedures<\/h2>\n<p><span style=\"color: #003399;\">&gt;<\/span><strong> Election Dates :<\/strong> 9 June 2024<br \/>\n<span style=\"color: #003399;\">&gt;<\/span> <strong>Number of MEPs:<\/strong>\u00a021<br \/>\n<span style=\"color: #003399;\">&gt;<\/span> <strong>At what age can one vote?<\/strong>\u00a018 years<br \/>\n<span style=\"color: #003399;\">&gt;<\/span> <strong>At what age can one be elected?<\/strong>\u00a018 years<br \/>\n<span style=\"color: #003399;\">&gt;<\/span> <strong>Who can vote?<\/strong>\u00a0European citizens living in Portugal<\/p>\n<p>&nbsp;<\/p>\n<\/div>\n<div class=\"part\">\n<div class=\"part\">\n<div class=\"part\">\n<h2>Electoral rules<\/h2>\n<p><span style=\"color: #003399;\">&gt;<\/span>\u00a0<strong>Voting method :<\/strong>\u00a0Closed list<br \/>\n<span style=\"color: #003399;\">&gt;<\/span> <strong>Means for attributing seats :<\/strong>\u00a0D\u2019Hondt Method<br \/>\n<span style=\"color: #003399;\">&gt;<\/span> <strong>Can candidates be chosen from a list?<\/strong>\u00a0No<\/p>\n<p>&nbsp;<\/p>\n<\/div>\n<\/div>\n<div class=\"part\">\n<div class=\"part\">\n<h2>Institutions and political situation<\/h2>\n<p>Republic, parliamentary democracy<\/p>\n<p>\u2013\u00a0<strong>Head of State<\/strong>: Rebelo de Sousa<\/p>\n<p>\u2013\u00a0<strong>Prime minister<\/strong>: Lu\u00eds Montenegro<\/p>\n<p>&nbsp;<\/p>\n<\/div>\n<div class=\"part\">\n<div class=\"part\">\n<h2>Economy<\/h2>\n<p><span style=\"color: #003399;\">&gt;<\/span><strong>\u00a0Currency :<\/strong>\u00a0Euro<br \/>\n<span style=\"color: #003399;\">&gt;<\/span> <strong>GDP :<\/strong> \u20ac 239.253 million (esst. 2022)<br \/>\n<span style=\"color: #003399;\">&gt;<\/span> <strong>GDP per capita (PPS) :<\/strong> \u20ac 19 290 (2022)<br \/>\n<span style=\"color: #003399;\">&gt;<\/span> <strong>GDP Growth :<\/strong> 2.4% (2023)<br \/>\n<span style=\"color: #003399;\">&gt;<\/span>\u00a0<strong>Unemployment:<\/strong> 6.1% (September 2023)<br \/>\n<span style=\"color: #003399;\">&gt;<\/span> <strong>Inflation :<\/strong> 3.6% (September 2023)<br \/>\n<span style=\"color: #003399;\">&gt;<\/span> <strong>Public Debt :<\/strong> 106% of GDP (2023)<\/p>\n<p>&nbsp;<\/p>\n<\/div>\n<div class=\"part\">\n<div class=\"part\">\n<h2>Geography and population<\/h2>\n<p><strong>Surface Area:<\/strong>\u00a092,391\u00a0km\u00b2<\/p>\n<p><strong>Population:<\/strong> 10.5 million inhabitants (2023)<\/p>\n<p>&nbsp;<\/p>\n<\/div>\n<\/div>\n<\/div>\n<\/div>\n<\/div>\n<div class=\"part\">\n<h2>Printable version<\/h2>\n<\/div>\n<figure id=\"attachment_7824\" aria-describedby=\"caption-attachment-7824\" style=\"width: 221px\" class=\"wp-caption alignnone\"><a href=\"https:\/\/server.www.robert-schuman.eu\/storage\/en\/dossiers-pedagogiques\/connaitre-europe\/carte\/portugal.pdf\" target=\"_blank\" rel=\"noopener\"><img loading=\"lazy\" decoding=\"async\" class=\"wp-image-7824 size-medium\" src=\"https:\/\/www.electionseuropeennes.eu\/wp-content\/uploads\/2024\/06\/Screenshot-2024-06-17-at-17.23.00-221x300.png\" alt=\"\" width=\"221\" height=\"300\" srcset=\"https:\/\/www.electionseuropeennes.eu\/wp-content\/uploads\/2024\/06\/Screenshot-2024-06-17-at-17.23.00-221x300.png 221w, https:\/\/www.electionseuropeennes.eu\/wp-content\/uploads\/2024\/06\/Screenshot-2024-06-17-at-17.23.00-754x1024.png 754w, https:\/\/www.electionseuropeennes.eu\/wp-content\/uploads\/2024\/06\/Screenshot-2024-06-17-at-17.23.00-768x1042.png 768w, https:\/\/www.electionseuropeennes.eu\/wp-content\/uploads\/2024\/06\/Screenshot-2024-06-17-at-17.23.00-70x95.png 70w, https:\/\/www.electionseuropeennes.eu\/wp-content\/uploads\/2024\/06\/Screenshot-2024-06-17-at-17.23.00.png 1114w\" sizes=\"auto, (max-width: 221px) 100vw, 221px\" \/><\/a><figcaption id=\"caption-attachment-7824\" class=\"wp-caption-text\">Download PDF file<\/figcaption><\/figure>\n<p>[\/vc_column_text][\/vc_column][\/vc_row]<\/p>\n<\/section>","protected":false},"excerpt":{"rendered":"<p>[vc_row css=&#8221;.vc_custom_1696150543952{margin-top: 20px !important;margin-bottom: 50px !important;}&#8221;][vc_column][vc_column_text] Portugal [\/vc_column_text][vc_column_text] Results of the 2024 European elections &nbsp; List of Portuguese MEPs &nbsp; Results of the 2019 European elections &nbsp; Electoral Procedures &gt; Election Dates : 9 June 2024 &gt; Number of MEPs:\u00a021 &gt; At what age can one vote?\u00a018 years &gt; At what age can one be [&hellip;]<\/p>\n","protected":false},"author":1,"featured_media":0,"parent":0,"menu_order":0,"comment_status":"closed","ping_status":"closed","template":"page-templates\/template-home.php","meta":{"_acf_changed":false,"footnotes":""},"class_list":["post-5388","page","type-page","status-publish","hentry"],"acf":[],"_links":{"self":[{"href":"https:\/\/www.electionseuropeennes.eu\/en\/wp-json\/wp\/v2\/pages\/5388","targetHints":{"allow":["GET"]}}],"collection":[{"href":"https:\/\/www.electionseuropeennes.eu\/en\/wp-json\/wp\/v2\/pages"}],"about":[{"href":"https:\/\/www.electionseuropeennes.eu\/en\/wp-json\/wp\/v2\/types\/page"}],"author":[{"embeddable":true,"href":"https:\/\/www.electionseuropeennes.eu\/en\/wp-json\/wp\/v2\/users\/1"}],"replies":[{"embeddable":true,"href":"https:\/\/www.electionseuropeennes.eu\/en\/wp-json\/wp\/v2\/comments?post=5388"}],"version-history":[{"count":16,"href":"https:\/\/www.electionseuropeennes.eu\/en\/wp-json\/wp\/v2\/pages\/5388\/revisions"}],"predecessor-version":[{"id":8067,"href":"https:\/\/www.electionseuropeennes.eu\/en\/wp-json\/wp\/v2\/pages\/5388\/revisions\/8067"}],"wp:attachment":[{"href":"https:\/\/www.electionseuropeennes.eu\/en\/wp-json\/wp\/v2\/media?parent=5388"}],"curies":[{"name":"wp","href":"https:\/\/api.w.org\/{rel}","templated":true}]}}